{"id":2088,"date":"2024-01-23T09:49:36","date_gmt":"2024-01-23T08:49:36","guid":{"rendered":"https:\/\/globalprats.cat\/contacto\/"},"modified":"2024-09-12T17:55:13","modified_gmt":"2024-09-12T15:55:13","slug":"contacto","status":"publish","type":"page","link":"https:\/\/globalprats.cat\/es\/contacto\/","title":{"rendered":"Contacto"},"content":{"rendered":"\n<style type=\"text\/css\" data-created_by=\"avia_inline_auto\" id=\"style-css-av-ah3c-4fdfbaa43d787c2cc2ea5ee666e476ab\">\n.avia-section.av-ah3c-4fdfbaa43d787c2cc2ea5ee666e476ab{\nbackground-repeat:no-repeat;\nbackground-image:url(https:\/\/globalprats.cat\/wp-content\/uploads\/2024\/03\/Global-Prats-02-1500x630.jpg);\nbackground-position:50% 100%;\nbackground-attachment:scroll;\n}\n.avia-section.av-ah3c-4fdfbaa43d787c2cc2ea5ee666e476ab .av-section-color-overlay{\nopacity:0.5;\nbackground-color:#0a0a0a;\n}\n<\/style>\n<div id='capcalera'  class='avia-section av-ah3c-4fdfbaa43d787c2cc2ea5ee666e476ab main_color avia-section-default avia-no-border-styling  avia-builder-el-0  el_before_av_hr  avia-builder-el-first  avia-full-stretch avia-bg-style-scroll av-section-color-overlay-active av-minimum-height av-minimum-height-50 av-height-50  container_wrap fullsize'  data-section-bg-repeat='stretch' data-av_minimum_height_pc='50' data-av_min_height_opt='50'><div class=\"av-section-color-overlay-wrap\"><div class=\"av-section-color-overlay\"><\/div><div class='container av-section-cont-open' ><main  role=\"main\" itemprop=\"mainContentOfPage\"  class='template-page content  av-content-full alpha units'><div class='post-entry post-entry-type-page post-entry-2088'><div class='entry-content-wrapper clearfix'>\n<div  class='flex_column av-1ygw4-89dfd56abacc54758c862203d6d98b37 av_one_full  avia-builder-el-1  avia-builder-el-no-sibling  first flex_column_div  '     ><p>\n<style type=\"text\/css\" data-created_by=\"avia_inline_auto\" id=\"style-css-av-1nqh0-2e686b1bf90dc5f943c5d7a0504fc002\">\n.av_font_icon.av-1nqh0-2e686b1bf90dc5f943c5d7a0504fc002 .av-icon-char{\nfont-size:65px;\nline-height:65px;\n}\n<\/style>\n<span  class='av_font_icon av-1nqh0-2e686b1bf90dc5f943c5d7a0504fc002 avia_animate_when_visible av-icon-style- avia-icon-pos-left avia-iconfont avia-font-flaticon_education av-no-color avia-icon-animate'><span class='av-icon-char' data-av_icon='\uf112' data-av_iconfont='flaticon_education' aria-hidden=\"true\" ><\/span><\/span><br \/>\n\n<style type=\"text\/css\" data-created_by=\"avia_inline_auto\" id=\"style-css-av-lq26prnh-61942ef6436c6c8fa04efe5ae974ca41\">\n#top .av-special-heading.av-lq26prnh-61942ef6436c6c8fa04efe5ae974ca41{\npadding-bottom:10px;\ncolor:#ffffff;\n}\nbody .av-special-heading.av-lq26prnh-61942ef6436c6c8fa04efe5ae974ca41 .av-special-heading-tag .heading-char{\nfont-size:25px;\n}\n.av-special-heading.av-lq26prnh-61942ef6436c6c8fa04efe5ae974ca41 .special-heading-inner-border{\nborder-color:#ffffff;\n}\n.av-special-heading.av-lq26prnh-61942ef6436c6c8fa04efe5ae974ca41 .av-subheading{\nfont-size:15px;\n}\n<\/style>\n<div  class='av-special-heading av-lq26prnh-61942ef6436c6c8fa04efe5ae974ca41 av-special-heading-h1 custom-color-heading blockquote modern-quote  avia-builder-el-3  el_after_av_font_icon  el_before_av_textblock '><h1 class='av-special-heading-tag '  itemprop=\"headline\"  >Contacta con nosotros<\/h1><div class=\"special-heading-border\"><div class=\"special-heading-inner-border\"><\/div><\/div><\/div><br \/>\n\n<style type=\"text\/css\" data-created_by=\"avia_inline_auto\" id=\"style-css-av-15x9o-b79a66b5e30dfba4885e0482dcbedd8d\">\n#top .av_textblock_section.av-15x9o-b79a66b5e30dfba4885e0482dcbedd8d .avia_textblock{\ncolor:#ffffff;\n}\n<\/style>\n<section  class='av_textblock_section av-15x9o-b79a66b5e30dfba4885e0482dcbedd8d '   itemscope=\"itemscope\" itemtype=\"https:\/\/schema.org\/CreativeWork\" ><div class='avia_textblock av_inherit_color'  itemprop=\"text\" ><p>Descubre Global Prats, la academia de ingl\u00e9s con cursos innovadores, profesores calificados y metodolog\u00eda efectiva. Aprender ingl\u00e9s nunca ha sido tan f\u00e1cil y divertido. \u00a1Encuentra tu camino hacia la fluidez hoy mismo!<\/p>\n<\/div><\/section><\/p><\/div>\n<\/div><\/div><\/main><!-- close content main element --><\/div><\/div><\/div><div id='after_section_1'  class='main_color av_default_container_wrap container_wrap fullsize'  ><div class='container av-section-cont-open' ><div class='template-page content  av-content-full alpha units'><div class='post-entry post-entry-type-page post-entry-2088'><div class='entry-content-wrapper clearfix'>\n<div  class='hr av-124dw-4de9ece6407933e6c86d9c6e45ed89c7 hr-default  avia-builder-el-5  el_after_av_section  el_before_av_one_fourth  avia-builder-el-first '><span class='hr-inner '><span class=\"hr-inner-style\"><\/span><\/span><\/div>\n\n<style type=\"text\/css\" data-created_by=\"avia_inline_auto\" id=\"style-css-av-29dvc-cafc925bdacf80f3ebdb207efecb56c6\">\n.flex_column.av-29dvc-cafc925bdacf80f3ebdb207efecb56c6{\nwidth:22.75%;\n}\n<\/style>\n<div  class='flex_column av-29dvc-cafc925bdacf80f3ebdb207efecb56c6 av_one_fourth  avia-builder-el-6  el_after_av_hr  el_before_av_one_fourth  first flex_column_div  '     ><article  class='iconbox iconbox_left av-lpkzsf7b-cc5370bf1d60ac1d615fc9b3d8af0291  avia-builder-el-7  avia-builder-el-no-sibling '  itemscope=\"itemscope\" itemtype=\"https:\/\/schema.org\/CreativeWork\" ><div class=\"iconbox_content\"><header class=\"entry-content-header\" aria-label=\"Icon: HORARIO\"><div class='iconbox_icon heading-color avia-iconfont avia-font-entypo-fontello' data-av_icon='\ue862' data-av_iconfont='entypo-fontello'  ><\/div><h3 class='iconbox_content_title '  itemprop=\"headline\" >HORARIO<\/h3><\/header><div class='iconbox_content_container '  itemprop=\"text\" ><div class=\"vk_bk\" tabindex=\"0\" role=\"button\" aria-expanded=\"true\" data-ved=\"2ahUKEwjG4uqBt-uCAxX7cKQEHS-CAAwQ5nF6BAhEEAQ\">De lunes a viernes de 16h a 20h. <a href=\"https:\/\/globalprats.cat\/horaris\/\">Horarios de las clases<\/a> .<\/div>\n<div class=\"vk_bk\" tabindex=\"0\" role=\"button\" aria-expanded=\"true\" data-ved=\"2ahUKEwjG4uqBt-uCAxX7cKQEHS-CAAwQ5nF6BAhEEAQ\">\n<div><\/div>\n<\/div>\n<div class=\"nRfCwb\">\n<div class=\"lwjzfb\" tabindex=\"0\" role=\"button\" data-ved=\"2ahUKEwjG4uqBt-uCAxX7cKQEHS-CAAwQu9MBegQIRBAG\"><\/div>\n<\/div>\n<div class=\"nRfCwb\">\n<div class=\"lwjzfb\" tabindex=\"0\" role=\"button\" data-ved=\"2ahUKEwjG4uqBt-uCAxX7cKQEHS-CAAwQu9MBegQIRBAG\"><\/div>\n<\/div>\n<\/div><\/div><footer class=\"entry-footer\"><\/footer><\/article><\/div>\n\n<style type=\"text\/css\" data-created_by=\"avia_inline_auto\" id=\"style-css-av-2bhy8-2a4eea387e0ebf78d7fb8706729f691a\">\n.flex_column.av-2bhy8-2a4eea387e0ebf78d7fb8706729f691a{\nwidth:22.75%;\nmargin-left:3%;\n}\n<\/style>\n<div  class='flex_column av-2bhy8-2a4eea387e0ebf78d7fb8706729f691a av_one_fourth  avia-builder-el-8  el_after_av_one_fourth  el_before_av_one_fourth  flex_column_div  '     ><article  class='iconbox iconbox_left av-lpkzs3di-3b575e92f7e83ad2f379ad3a532ae460  avia-builder-el-9  avia-builder-el-no-sibling '  itemscope=\"itemscope\" itemtype=\"https:\/\/schema.org\/CreativeWork\" ><div class=\"iconbox_content\"><header class=\"entry-content-header\" aria-label=\"Icon: DIRECCI\u00d3N\"><div class='iconbox_icon heading-color avia-iconfont avia-font-entypo-fontello' data-av_icon='\ue842' data-av_iconfont='entypo-fontello'  ><\/div><h3 class='iconbox_content_title '  itemprop=\"headline\" >DIRECCI\u00d3N<\/h3><\/header><div class='iconbox_content_container '  itemprop=\"text\" ><p>C\/ Cant\u00f3n del Botiguer, 2 Bajos<br \/>\nPrados de Llu\u00e7an\u00e8s 08513<\/p>\n<\/div><\/div><footer class=\"entry-footer\"><\/footer><\/article><\/div>\n\n<style type=\"text\/css\" data-created_by=\"avia_inline_auto\" id=\"style-css-av-1rujk-2826d02fe2eb3c45ee12f89ba2126bde\">\n.flex_column.av-1rujk-2826d02fe2eb3c45ee12f89ba2126bde{\nwidth:22.75%;\nmargin-left:3%;\n}\n<\/style>\n<div  class='flex_column av-1rujk-2826d02fe2eb3c45ee12f89ba2126bde av_one_fourth  avia-builder-el-10  el_after_av_one_fourth  el_before_av_one_fourth  flex_column_div  '     ><article  class='iconbox iconbox_left av-lpkzsyn7-c015d9d57a455319b28b3f75ba9025df  avia-builder-el-11  avia-builder-el-no-sibling '  itemscope=\"itemscope\" itemtype=\"https:\/\/schema.org\/CreativeWork\" ><div class=\"iconbox_content\"><header class=\"entry-content-header\" aria-label=\"Icon: TEL\u00c9FONO\"><div class='iconbox_icon heading-color avia-iconfont avia-font-entypo-fontello' data-av_icon='\ue854' data-av_iconfont='entypo-fontello'  ><\/div><h3 class='iconbox_content_title '  itemprop=\"headline\" >TEL\u00c9FONO<\/h3><\/header><div class='iconbox_content_container '  itemprop=\"text\" ><p>Tel\u00e9fono: <a href=\"tel:+34630106261\">630 106 261<\/a><br \/>\nWhatsapp: <a href=\"https:\/\/wa.me\/34630106261\">630 106 261<\/a><\/p>\n<\/div><\/div><footer class=\"entry-footer\"><\/footer><\/article><\/div>\n\n<style type=\"text\/css\" data-created_by=\"avia_inline_auto\" id=\"style-css-av-1my00-56dd029ddd87dad2aee08fee6560b210\">\n.flex_column.av-1my00-56dd029ddd87dad2aee08fee6560b210{\nwidth:22.75%;\nmargin-left:3%;\n}\n<\/style>\n<div  class='flex_column av-1my00-56dd029ddd87dad2aee08fee6560b210 av_one_fourth  avia-builder-el-12  el_after_av_one_fourth  el_before_av_hr  flex_column_div  '     ><article  class='iconbox iconbox_left av-11f8c-65c90a95359ef6facc23e25db15c1580  avia-builder-el-13  avia-builder-el-no-sibling '  itemscope=\"itemscope\" itemtype=\"https:\/\/schema.org\/CreativeWork\" ><div class=\"iconbox_content\"><header class=\"entry-content-header\" aria-label=\"Icon: E-MAIL\"><div class='iconbox_icon heading-color avia-iconfont avia-font-entypo-fontello' data-av_icon='\ue805' data-av_iconfont='entypo-fontello'  ><\/div><h3 class='iconbox_content_title '  itemprop=\"headline\" >E-MAIL<\/h3><\/header><div class='iconbox_content_container '  itemprop=\"text\" ><p>Correo: <a href=\"mailto:hola@globalprats.cat\">hola@globalprats.cat<\/a><\/p>\n<\/div><\/div><footer class=\"entry-footer\"><\/footer><\/article><\/div>\n<div  class='hr av-u74g-6474935f60da7b2c18b5a02b9566431f hr-default  avia-builder-el-14  el_after_av_one_fourth  el_before_av_one_half '><span class='hr-inner '><span class=\"hr-inner-style\"><\/span><\/span><\/div>\n<div  class='flex_column av-rr8k-e30a3078be37edf7c27c36dc935b2733 av_one_half  avia-builder-el-15  el_after_av_hr  el_before_av_one_half  first flex_column_div  '     ><form action=\"https:\/\/globalprats.cat\/es\/contacto\/\" method=\"post\" data-fields-with-error=\"Found errors in the following field(s):\" class=\"avia_ajax_form av-form-labels-hidden   avia-builder-el-16  avia-builder-el-no-sibling   \" data-avia-form-id=\"1\" data-avia-redirect='' ><h3 class=''>Contacta<\/h3><fieldset><p class='  first_form  form_element form_fullwidth' id='element_avia_1_1'><label for=\"avia_1_1\">Nombre <abbr class=\"required\" title=\"requerido\">*<\/abbr><\/label> <input name=\"avia_1_1\" class=\"text_input is_empty\" type=\"text\" id=\"avia_1_1\" value=\"\"  placeholder='Nombre*'\/><\/p><p class='  first_form  form_element form_fullwidth' id='element_avia_2_1'><label for=\"avia_2_1\">E-Mail <abbr class=\"required\" title=\"requerido\">*<\/abbr><\/label> <input name=\"avia_2_1\" class=\"text_input is_email\" type=\"text\" id=\"avia_2_1\" value=\"\"  placeholder='E-Mail*'\/><\/p><p class='  first_form  form_element form_fullwidth' id='element_avia_3_1'><label for=\"avia_3_1\" class=\"textare_label hidden textare_label_avia_3_1\">Mensaje <abbr class=\"required\" title=\"requerido\">*<\/abbr><\/label><textarea  placeholder='Mensaje*' name=\"avia_3_1\" class=\"text_area is_empty\" cols=\"40\" rows=\"7\" id=\"avia_3_1\" ><\/textarea><\/p><p class=\"hidden\"><input type=\"text\" name=\"avia_4_1\" class=\"hidden \" id=\"avia_4_1\" value=\"\" \/><\/p><div id='avia_5_1' class='av-recaptcha-area  first_form  form_element form_fullwidth av-last-visible-form-element '  data-container_class=\"\" data-custom_class=\"\" data-context=\"av_contact_form\" data-token_input=\"av_recaptcha_token\" data-version=\"avia_recaptcha_v3\" data-theme=\"light\" data-size=\"normal\" data-score=\"0.5\" data-text_to_preview=\"\" data-value=\"\"><div class=\"av-google-badge-message hidden\">Este sitio est\u00e1 protegido por reCAPTCHA y se aplican la <a href=\"https:\/\/policies.google.com\/privacy\" target=\"_blank\">Pol\u00edtica de privacidad<\/a> y las <a href=\"https:\/\/policies.google.com\/terms\" target=\"_blank\">Condiciones de servicio <\/a> de Google.<\/div><\/div><p class=' av_form_privacy_check av_contact_privacy_check first_form  form_element form_fullwidth' id='element_avia_6_1'><input  name=\"avia_6_1\" class=\"input_checkbox is_empty\" type=\"checkbox\" id=\"avia_6_1\" value=\"true\"\/><label class=\"input_checkbox_label\" for=\"avia_6_1\">Acepto los t\u00e9rminos y condiciones establecidos en la <a href='https:\/\/globalprats.cat\/politica-privacitat\/' target='_blank'>Pol\u00edtica de privacidad<\/a> <abbr class=\"required\" title=\"requerido\">*<\/abbr><\/label><\/p><p class=\"form_element \"><input type=\"hidden\" value=\"1\" name=\"avia_generated_form1\" \/><input type=\"submit\" value=\"Enviar\" class=\"button\"  data-sending-label=\"Enviando\"\/><\/p><\/fieldset><div class=\"avia-disabled-form\">This contact form is deactivated because you refused to accept Google reCaptcha service which is necessary to validate any messages sent by the form.<\/div><\/form><div id=\"ajaxresponse_1\" class=\"ajaxresponse ajaxresponse_1 hidden\"><\/div><\/div><div  class='flex_column av-1oqi8-6e0f3bdbbb2df92c696f65d9eea57481 av_one_half  avia-builder-el-17  el_after_av_one_half  el_before_av_google_map  avia-builder-el-last  flex_column_div  '     ><p>\n<style type=\"text\/css\" data-created_by=\"avia_inline_auto\" id=\"style-css-av-lq0woxdp-125c8d50dc2191f0578dd07d02334ba5\">\n#top .hr.hr-invisible.av-lq0woxdp-125c8d50dc2191f0578dd07d02334ba5{\nheight:75px;\n}\n<\/style>\n<div  class='hr av-lq0woxdp-125c8d50dc2191f0578dd07d02334ba5 hr-invisible  avia-builder-el-18  el_before_av_icon_box  avia-builder-el-first '><span class='hr-inner '><span class=\"hr-inner-style\"><\/span><\/span><\/div><br \/>\n<article  class='iconbox iconbox_left av-lq0wktri-1fca94043c79535b45d0187cc9ba1a72  avia-builder-el-19  el_after_av_hr  el_before_av_hr '  itemscope=\"itemscope\" itemtype=\"https:\/\/schema.org\/CreativeWork\" ><div class=\"iconbox_content\"><header class=\"entry-content-header\" aria-label=\"Icon: Formulario de matriculaci\u00f3n\"><div class='iconbox_icon heading-color avia-iconfont avia-font-entypo-fontello' data-av_icon='\ue836' data-av_iconfont='entypo-fontello'  ><\/div><h3 class='iconbox_content_title '  itemprop=\"headline\" >Formulario de matriculaci\u00f3n<\/h3><\/header><div class='iconbox_content_container '  itemprop=\"text\" ><p><a href=\"https:\/\/globalprats.cat\/contacte\/formulari-de-matriculacio\/\">Accede al formulario de matriculaci\u00f3n<\/a><\/p>\n<\/div><\/div><footer class=\"entry-footer\"><\/footer><\/article><br \/>\n\n<style type=\"text\/css\" data-created_by=\"avia_inline_auto\" id=\"style-css-av-sdjc-9652f2aa0a9301b39ac88f97759fd4e7\">\n#top .hr.hr-invisible.av-sdjc-9652f2aa0a9301b39ac88f97759fd4e7{\nheight:20px;\n}\n<\/style>\n<div  class='hr av-sdjc-9652f2aa0a9301b39ac88f97759fd4e7 hr-invisible  avia-builder-el-20  el_after_av_icon_box  el_before_av_icon_box '><span class='hr-inner '><span class=\"hr-inner-style\"><\/span><\/span><\/div><br \/>\n<article  class='iconbox iconbox_left av-lq0wm0kl-d7b2aeb893e6a6238de5472a9e8245c2  avia-builder-el-21  el_after_av_hr  avia-builder-el-last '  itemscope=\"itemscope\" itemtype=\"https:\/\/schema.org\/CreativeWork\" ><div class=\"iconbox_content\"><header class=\"entry-content-header\" aria-label=\"Icon: Trabaja con nosotros\"><div class='iconbox_icon heading-color avia-iconfont avia-font-entypo-fontello' data-av_icon='\ue80c' data-av_iconfont='entypo-fontello'  ><\/div><h3 class='iconbox_content_title '  itemprop=\"headline\" >Trabaja con nosotros<\/h3><\/header><div class='iconbox_content_container '  itemprop=\"text\" ><p><a href=\"https:\/\/globalprats.cat\/treballa-amb-nosaltres\/\">Env\u00edanos tu CV<\/a><\/p>\n<\/div><\/div><footer class=\"entry-footer\"><\/footer><\/article><\/p><\/div><\/p>\n<div  class='av_gmaps_sc_main_wrap av_gmaps_main_wrap '><div id='av_gmap_0' class='avia-google-map-container avia-google-map-sc av_gmaps_show_unconditionally av-no-fallback-img ' data-mapid='av_gmap_0'  style='height: 400px;'><a class=\"av_gmaps_browser_disabled av_text_confirm_link av_text_confirm_link_visible\" href=\"https:\/\/www.google.com\/maps\/search\/?api=1&#038;query=Carrer%20Cant\u00f3%20del%20Botiguer,%202%20Baixos%20%20Prats%20de%20Llu\u00e7an\u00e8s%20%20Spain\" target=\"_blank\">Maps were disabled by the visitor on this site. Click to open the map in a new window.<\/a><\/div><\/div>\n","protected":false},"excerpt":{"rendered":"","protected":false},"author":3,"featured_media":0,"parent":0,"menu_order":0,"comment_status":"closed","ping_status":"closed","template":"","meta":{"footnotes":""},"class_list":["post-2088","page","type-page","status-publish","hentry"],"yoast_head":"<!-- This site is optimized with the Yoast SEO Premium plugin v25.2 (Yoast SEO v27.3) - https:\/\/yoast.com\/product\/yoast-seo-premium-wordpress\/ -->\n<title>Contacta con Global Prats en Prats de Llu\u00e7an\u00e8s<\/title>\n<meta name=\"description\" content=\"Contacta con nuestra academia de idiomas en Prats de Llu\u00e7an\u00e8s para obtener m\u00e1s informaci\u00f3n sobre nuestros cursos de ingl\u00e9s y otros idiomas.\" \/>\n<meta name=\"robots\" content=\"index, follow, max-snippet:-1, max-image-preview:large, max-video-preview:-1\" \/>\n<link rel=\"canonical\" href=\"https:\/\/globalprats.cat\/es\/contacto\/\" \/>\n<meta property=\"og:locale\" content=\"es_ES\" \/>\n<meta property=\"og:type\" content=\"article\" \/>\n<meta property=\"og:title\" content=\"Contacto\" \/>\n<meta property=\"og:description\" content=\"Contacta con nuestra academia de idiomas en Prats de Llu\u00e7an\u00e8s para obtener m\u00e1s informaci\u00f3n sobre nuestros cursos de ingl\u00e9s y otros idiomas.\" \/>\n<meta property=\"og:url\" content=\"https:\/\/globalprats.cat\/es\/contacto\/\" \/>\n<meta property=\"og:site_name\" content=\"Global English\" \/>\n<meta property=\"article:modified_time\" content=\"2024-09-12T15:55:13+00:00\" \/>\n<meta name=\"twitter:card\" content=\"summary_large_image\" \/>\n<meta name=\"twitter:label1\" content=\"Tiempo de lectura\" \/>\n\t<meta name=\"twitter:data1\" content=\"1 minuto\" \/>\n<script type=\"application\/ld+json\" class=\"yoast-schema-graph\">{\"@context\":\"https:\\\/\\\/schema.org\",\"@graph\":[{\"@type\":\"WebPage\",\"@id\":\"https:\\\/\\\/globalprats.cat\\\/es\\\/contacto\\\/\",\"url\":\"https:\\\/\\\/globalprats.cat\\\/es\\\/contacto\\\/\",\"name\":\"Contacta con Global Prats en Prats de Llu\u00e7an\u00e8s\",\"isPartOf\":{\"@id\":\"https:\\\/\\\/globalprats.cat\\\/#website\"},\"datePublished\":\"2024-01-23T08:49:36+00:00\",\"dateModified\":\"2024-09-12T15:55:13+00:00\",\"description\":\"Contacta con nuestra academia de idiomas en Prats de Llu\u00e7an\u00e8s para obtener m\u00e1s informaci\u00f3n sobre nuestros cursos de ingl\u00e9s y otros idiomas.\",\"breadcrumb\":{\"@id\":\"https:\\\/\\\/globalprats.cat\\\/es\\\/contacto\\\/#breadcrumb\"},\"inLanguage\":\"es\",\"potentialAction\":[{\"@type\":\"ReadAction\",\"target\":[\"https:\\\/\\\/globalprats.cat\\\/es\\\/contacto\\\/\"]}]},{\"@type\":\"BreadcrumbList\",\"@id\":\"https:\\\/\\\/globalprats.cat\\\/es\\\/contacto\\\/#breadcrumb\",\"itemListElement\":[{\"@type\":\"ListItem\",\"position\":1,\"name\":\"Inici\",\"item\":\"https:\\\/\\\/globalprats.cat\\\/es\\\/inicio\\\/\"},{\"@type\":\"ListItem\",\"position\":2,\"name\":\"Contacto\"}]},{\"@type\":\"WebSite\",\"@id\":\"https:\\\/\\\/globalprats.cat\\\/#website\",\"url\":\"https:\\\/\\\/globalprats.cat\\\/\",\"name\":\"Global English\",\"description\":\"Welcome to Global English, l&#039;acad\u00e8mia d&#039;angl\u00e8s a Prats de Llu\u00e7an\u00e8s\",\"potentialAction\":[{\"@type\":\"SearchAction\",\"target\":{\"@type\":\"EntryPoint\",\"urlTemplate\":\"https:\\\/\\\/globalprats.cat\\\/?s={search_term_string}\"},\"query-input\":{\"@type\":\"PropertyValueSpecification\",\"valueRequired\":true,\"valueName\":\"search_term_string\"}}],\"inLanguage\":\"es\"}]}<\/script>\n<!-- \/ Yoast SEO Premium plugin. -->","yoast_head_json":{"title":"Contacta con Global Prats en Prats de Llu\u00e7an\u00e8s","description":"Contacta con nuestra academia de idiomas en Prats de Llu\u00e7an\u00e8s para obtener m\u00e1s informaci\u00f3n sobre nuestros cursos de ingl\u00e9s y otros idiomas.","robots":{"index":"index","follow":"follow","max-snippet":"max-snippet:-1","max-image-preview":"max-image-preview:large","max-video-preview":"max-video-preview:-1"},"canonical":"https:\/\/globalprats.cat\/es\/contacto\/","og_locale":"es_ES","og_type":"article","og_title":"Contacto","og_description":"Contacta con nuestra academia de idiomas en Prats de Llu\u00e7an\u00e8s para obtener m\u00e1s informaci\u00f3n sobre nuestros cursos de ingl\u00e9s y otros idiomas.","og_url":"https:\/\/globalprats.cat\/es\/contacto\/","og_site_name":"Global English","article_modified_time":"2024-09-12T15:55:13+00:00","twitter_card":"summary_large_image","twitter_misc":{"Tiempo de lectura":"1 minuto"},"schema":{"@context":"https:\/\/schema.org","@graph":[{"@type":"WebPage","@id":"https:\/\/globalprats.cat\/es\/contacto\/","url":"https:\/\/globalprats.cat\/es\/contacto\/","name":"Contacta con Global Prats en Prats de Llu\u00e7an\u00e8s","isPartOf":{"@id":"https:\/\/globalprats.cat\/#website"},"datePublished":"2024-01-23T08:49:36+00:00","dateModified":"2024-09-12T15:55:13+00:00","description":"Contacta con nuestra academia de idiomas en Prats de Llu\u00e7an\u00e8s para obtener m\u00e1s informaci\u00f3n sobre nuestros cursos de ingl\u00e9s y otros idiomas.","breadcrumb":{"@id":"https:\/\/globalprats.cat\/es\/contacto\/#breadcrumb"},"inLanguage":"es","potentialAction":[{"@type":"ReadAction","target":["https:\/\/globalprats.cat\/es\/contacto\/"]}]},{"@type":"BreadcrumbList","@id":"https:\/\/globalprats.cat\/es\/contacto\/#breadcrumb","itemListElement":[{"@type":"ListItem","position":1,"name":"Inici","item":"https:\/\/globalprats.cat\/es\/inicio\/"},{"@type":"ListItem","position":2,"name":"Contacto"}]},{"@type":"WebSite","@id":"https:\/\/globalprats.cat\/#website","url":"https:\/\/globalprats.cat\/","name":"Global English","description":"Welcome to Global English, l&#039;acad\u00e8mia d&#039;angl\u00e8s a Prats de Llu\u00e7an\u00e8s","potentialAction":[{"@type":"SearchAction","target":{"@type":"EntryPoint","urlTemplate":"https:\/\/globalprats.cat\/?s={search_term_string}"},"query-input":{"@type":"PropertyValueSpecification","valueRequired":true,"valueName":"search_term_string"}}],"inLanguage":"es"}]}},"_links":{"self":[{"href":"https:\/\/globalprats.cat\/es\/wp-json\/wp\/v2\/pages\/2088","targetHints":{"allow":["GET"]}}],"collection":[{"href":"https:\/\/globalprats.cat\/es\/wp-json\/wp\/v2\/pages"}],"about":[{"href":"https:\/\/globalprats.cat\/es\/wp-json\/wp\/v2\/types\/page"}],"author":[{"embeddable":true,"href":"https:\/\/globalprats.cat\/es\/wp-json\/wp\/v2\/users\/3"}],"replies":[{"embeddable":true,"href":"https:\/\/globalprats.cat\/es\/wp-json\/wp\/v2\/comments?post=2088"}],"version-history":[{"count":7,"href":"https:\/\/globalprats.cat\/es\/wp-json\/wp\/v2\/pages\/2088\/revisions"}],"predecessor-version":[{"id":2814,"href":"https:\/\/globalprats.cat\/es\/wp-json\/wp\/v2\/pages\/2088\/revisions\/2814"}],"wp:attachment":[{"href":"https:\/\/globalprats.cat\/es\/wp-json\/wp\/v2\/media?parent=2088"}],"curies":[{"name":"wp","href":"https:\/\/api.w.org\/{rel}","templated":true}]}}