{"id":2090,"date":"2024-01-23T09:50:05","date_gmt":"2024-01-23T08:50:05","guid":{"rendered":"https:\/\/globalprats.cat\/contacto\/formulario-de-matriculacion\/"},"modified":"2025-02-13T21:29:01","modified_gmt":"2025-02-13T20:29:01","slug":"formulario-de-matriculacion","status":"publish","type":"page","link":"https:\/\/globalprats.cat\/es\/contacto\/formulario-de-matriculacion\/","title":{"rendered":"Formulario de matriculaci\u00f3n"},"content":{"rendered":"\n<style type=\"text\/css\" data-created_by=\"avia_inline_auto\" id=\"style-css-av-8krv1h-d643504c97588805c32e9a390787e9da\">\n.avia-section.av-8krv1h-d643504c97588805c32e9a390787e9da{\nbackground-repeat:no-repeat;\nbackground-image:url(https:\/\/globalprats.cat\/wp-content\/uploads\/2024\/03\/Global-Prats-02-1500x630.jpg);\nbackground-position:50% 100%;\nbackground-attachment:scroll;\n}\n.avia-section.av-8krv1h-d643504c97588805c32e9a390787e9da .av-section-color-overlay{\nopacity:0.5;\nbackground-color:#0a0a0a;\n}\n<\/style>\n<div id='capcalera'  class='avia-section av-8krv1h-d643504c97588805c32e9a390787e9da main_color avia-section-default avia-no-border-styling  avia-builder-el-0  el_before_av_heading  avia-builder-el-first  avia-full-stretch avia-bg-style-scroll av-section-color-overlay-active av-minimum-height av-minimum-height-50 av-height-50  container_wrap fullsize'  data-section-bg-repeat='stretch' data-av_minimum_height_pc='50' data-av_min_height_opt='50'><div class=\"av-section-color-overlay-wrap\"><div class=\"av-section-color-overlay\"><\/div><div class='container av-section-cont-open' ><main  role=\"main\" itemprop=\"mainContentOfPage\"  class='template-page content  av-content-full alpha units'><div class='post-entry post-entry-type-page post-entry-2090'><div class='entry-content-wrapper clearfix'>\n<div  class='flex_column av-7zbttx-5368a500d4d355e69f45010b26b87074 av_one_full  avia-builder-el-1  avia-builder-el-no-sibling  first flex_column_div  '     ><p>\n<style type=\"text\/css\" data-created_by=\"avia_inline_auto\" id=\"style-css-av-med2d-462dddfba08d2c0edc03ed9d2b715077\">\n.av_font_icon.av-med2d-462dddfba08d2c0edc03ed9d2b715077 .av-icon-char{\nfont-size:65px;\nline-height:65px;\n}\n<\/style>\n<span  class='av_font_icon av-med2d-462dddfba08d2c0edc03ed9d2b715077 avia_animate_when_visible av-icon-style- avia-icon-pos-left avia-iconfont avia-font-flaticon_education av-no-color avia-icon-animate'><span class='av-icon-char' data-av_icon='\uf112' data-av_iconfont='flaticon_education' aria-hidden=\"true\" ><\/span><\/span><br \/>\n\n<style type=\"text\/css\" data-created_by=\"avia_inline_auto\" id=\"style-css-av-lq2432co-caece1a046bccc56f8b69910a10e4233\">\n#top .av-special-heading.av-lq2432co-caece1a046bccc56f8b69910a10e4233{\npadding-bottom:10px;\ncolor:#ffffff;\n}\nbody .av-special-heading.av-lq2432co-caece1a046bccc56f8b69910a10e4233 .av-special-heading-tag .heading-char{\nfont-size:25px;\n}\n.av-special-heading.av-lq2432co-caece1a046bccc56f8b69910a10e4233 .special-heading-inner-border{\nborder-color:#ffffff;\n}\n.av-special-heading.av-lq2432co-caece1a046bccc56f8b69910a10e4233 .av-subheading{\nfont-size:15px;\n}\n<\/style>\n<div  class='av-special-heading av-lq2432co-caece1a046bccc56f8b69910a10e4233 av-special-heading-h1 custom-color-heading blockquote modern-quote  avia-builder-el-3  el_after_av_font_icon  el_before_av_textblock '><h1 class='av-special-heading-tag '  itemprop=\"headline\"  >Matricula<\/h1><div class=\"special-heading-border\"><div class=\"special-heading-inner-border\"><\/div><\/div><\/div><br \/>\n\n<style type=\"text\/css\" data-created_by=\"avia_inline_auto\" id=\"style-css-av-3j12x1-a67aac9c1aa7f795dac39bc99343ac49\">\n#top .av_textblock_section.av-3j12x1-a67aac9c1aa7f795dac39bc99343ac49 .avia_textblock{\ncolor:#ffffff;\n}\n<\/style>\n<section  class='av_textblock_section av-3j12x1-a67aac9c1aa7f795dac39bc99343ac49 '   itemscope=\"itemscope\" itemtype=\"https:\/\/schema.org\/CreativeWork\" ><div class='avia_textblock av_inherit_color'  itemprop=\"text\" ><p>Descubre Global Prats, la academia de ingl\u00e9s con cursos innovadores, profesores calificados y metodolog\u00eda efectiva. Aprender ingl\u00e9s nunca ha sido tan f\u00e1cil y divertido. \u00a1Encuentra tu camino hacia la fluidez hoy mismo!<\/p>\n<\/div><\/section><\/p><\/div>\n<\/div><\/div><\/main><!-- close content main element --><\/div><\/div><\/div><div id='after_section_1'  class='main_color av_default_container_wrap container_wrap fullsize'  ><div class='container av-section-cont-open' ><div class='template-page content  av-content-full alpha units'><div class='post-entry post-entry-type-page post-entry-2090'><div class='entry-content-wrapper clearfix'>\n\n<style type=\"text\/css\" data-created_by=\"avia_inline_auto\" id=\"style-css-av-lq243qbl-2af357fd942758de552ab38f05ea6a29\">\n#top .av-special-heading.av-lq243qbl-2af357fd942758de552ab38f05ea6a29{\npadding-bottom:10px;\n}\nbody .av-special-heading.av-lq243qbl-2af357fd942758de552ab38f05ea6a29 .av-special-heading-tag .heading-char{\nfont-size:25px;\n}\n.av-special-heading.av-lq243qbl-2af357fd942758de552ab38f05ea6a29 .av-subheading{\nfont-size:15px;\n}\n<\/style>\n<div  class='av-special-heading av-lq243qbl-2af357fd942758de552ab38f05ea6a29 av-special-heading-h2 blockquote modern-quote  avia-builder-el-5  el_after_av_section  el_before_av_contact  avia-builder-el-first '><h2 class='av-special-heading-tag '  itemprop=\"headline\"  >Matricula\u2019t aqu\u00ed<\/h2><div class=\"special-heading-border\"><div class=\"special-heading-inner-border\"><\/div><\/div><\/div>\n<form action=\"https:\/\/globalprats.cat\/es\/contacto\/formulario-de-matriculacion\/\" method=\"post\" data-fields-with-error=\"Found errors in the following field(s):\" class=\"avia_ajax_form av-form-labels-hidden   avia-builder-el-6  el_after_av_heading  avia-builder-el-last   \" data-avia-form-id=\"1\" data-avia-redirect='' ><fieldset><p class='  first_form  form_element form_fullwidth' id='element_avia_1_1'><label for=\"avia_1_1\">Nombre <abbr class=\"required\" title=\"requerido\">*<\/abbr><\/label> <input name=\"avia_1_1\" class=\"text_input is_empty\" type=\"text\" id=\"avia_1_1\" value=\"\"  placeholder='Nombre*'\/><\/p><p class='  first_form  form_element form_fullwidth' id='element_avia_2_1'><label for=\"avia_2_1\">Apellidos <abbr class=\"required\" title=\"requerido\">*<\/abbr><\/label> <input name=\"avia_2_1\" class=\"text_input is_empty\" type=\"text\" id=\"avia_2_1\" value=\"\"  placeholder='Apellidos*'\/><\/p><p class='  first_form  form_element form_fullwidth' id='element_avia_3_1'><label for=\"avia_3_1\">E-Mail <abbr class=\"required\" title=\"requerido\">*<\/abbr><\/label> <input name=\"avia_3_1\" class=\"text_input is_email\" type=\"text\" id=\"avia_3_1\" value=\"\"  placeholder='E-Mail*'\/><\/p><p class='  first_form  form_element form_fullwidth' id='element_avia_4_1'><label for=\"avia_4_1\">Tel\u00e9fono de contacto <abbr class=\"required\" title=\"requerido\">*<\/abbr><\/label> <input name=\"avia_4_1\" class=\"text_input is_phone\" type=\"text\" id=\"avia_4_1\" value=\"\"  placeholder='Tel\u00e9fono de contacto*'\/><\/p><p class='  first_form  form_element form_fullwidth' id='element_avia_5_1'><label for=\"avia_5_1\">Curso <abbr class=\"required\" title=\"requerido\">*<\/abbr><\/label><select multiple name=\"avia_5_1\" class=\"select is_empty av-multi-select\" id=\"avia_5_1\"><option class=\"av-placeholder\" disabled=\"disabled\"  value=''>Curso*<\/option><option   value='Kids and mums'>Kids and mums<\/option><option   value='Kids'>Kids<\/option><option   value='Starters - Movers'>Starters - Movers<\/option><option   value='Ket'>Ket<\/option><option   value='Pet-Fce'>Pet-Fce<\/option><option   value='Classes adults'>Classes adults<\/option><\/select><\/p><p class=\"hidden\"><input type=\"text\" name=\"avia_6_1\" class=\"hidden \" id=\"avia_6_1\" value=\"\" \/><\/p><p class=' av_form_privacy_check av_contact_privacy_check first_form  form_element form_fullwidth' id='element_avia_7_1'><input  name=\"avia_7_1\" class=\"input_checkbox is_empty\" type=\"checkbox\" id=\"avia_7_1\" value=\"true\"\/><label class=\"input_checkbox_label\" for=\"avia_7_1\">Acepto los t\u00e9rminos y condiciones establecidos en la <a href='https:\/\/globalprats.cat\/politica-privacitat\/' target='_blank'>Pol\u00edtica de privacidad<\/a> <abbr class=\"required\" title=\"requerido\">*<\/abbr><\/label><\/p><p class=\"form_element \"><input type=\"hidden\" value=\"1\" name=\"avia_generated_form1\" \/><input type=\"submit\" value=\"Enviar\" class=\"button\"  data-sending-label=\"Enviando\"\/><\/p><\/fieldset><\/form><div id=\"ajaxresponse_1\" class=\"ajaxresponse ajaxresponse_1 hidden\"><\/div>\n","protected":false},"excerpt":{"rendered":"","protected":false},"author":3,"featured_media":0,"parent":2088,"menu_order":0,"comment_status":"closed","ping_status":"closed","template":"","meta":{"footnotes":""},"class_list":["post-2090","page","type-page","status-publish","hentry"],"yoast_head":"<!-- This site is optimized with the Yoast SEO Premium plugin v25.2 (Yoast SEO v27.3) - https:\/\/yoast.com\/product\/yoast-seo-premium-wordpress\/ -->\n<title>Formulario de matriculaci\u00f3n en Global Prats<\/title>\n<meta name=\"description\" content=\"Matric\u00falate en los cursos de ingl\u00e9s de Global Prats. Aprende en Prats de Llu\u00e7an\u00e8s con programas adaptados para todas las edades y niveles.\" \/>\n<meta name=\"robots\" content=\"index, follow, max-snippet:-1, max-image-preview:large, max-video-preview:-1\" \/>\n<link rel=\"canonical\" href=\"https:\/\/globalprats.cat\/es\/contacto\/formulario-de-matriculacion\/\" \/>\n<meta property=\"og:locale\" content=\"es_ES\" \/>\n<meta property=\"og:type\" content=\"article\" \/>\n<meta property=\"og:title\" content=\"Formulario de matriculaci\u00f3n\" \/>\n<meta property=\"og:description\" content=\"Matric\u00falate en los cursos de ingl\u00e9s de Global Prats. Aprende en Prats de Llu\u00e7an\u00e8s con programas adaptados para todas las edades y niveles.\" \/>\n<meta property=\"og:url\" content=\"https:\/\/globalprats.cat\/es\/contacto\/formulario-de-matriculacion\/\" \/>\n<meta property=\"og:site_name\" content=\"Global English\" \/>\n<meta property=\"article:modified_time\" content=\"2025-02-13T20:29:01+00:00\" \/>\n<meta name=\"twitter:card\" content=\"summary_large_image\" \/>\n<meta name=\"twitter:label1\" content=\"Tiempo de lectura\" \/>\n\t<meta name=\"twitter:data1\" content=\"1 minuto\" \/>\n<script type=\"application\/ld+json\" class=\"yoast-schema-graph\">{\"@context\":\"https:\\\/\\\/schema.org\",\"@graph\":[{\"@type\":\"WebPage\",\"@id\":\"https:\\\/\\\/globalprats.cat\\\/es\\\/contacto\\\/formulario-de-matriculacion\\\/\",\"url\":\"https:\\\/\\\/globalprats.cat\\\/es\\\/contacto\\\/formulario-de-matriculacion\\\/\",\"name\":\"Formulario de matriculaci\u00f3n en Global Prats\",\"isPartOf\":{\"@id\":\"https:\\\/\\\/globalprats.cat\\\/#website\"},\"datePublished\":\"2024-01-23T08:50:05+00:00\",\"dateModified\":\"2025-02-13T20:29:01+00:00\",\"description\":\"Matric\u00falate en los cursos de ingl\u00e9s de Global Prats. Aprende en Prats de Llu\u00e7an\u00e8s con programas adaptados para todas las edades y niveles.\",\"breadcrumb\":{\"@id\":\"https:\\\/\\\/globalprats.cat\\\/es\\\/contacto\\\/formulario-de-matriculacion\\\/#breadcrumb\"},\"inLanguage\":\"es\",\"potentialAction\":[{\"@type\":\"ReadAction\",\"target\":[\"https:\\\/\\\/globalprats.cat\\\/es\\\/contacto\\\/formulario-de-matriculacion\\\/\"]}]},{\"@type\":\"BreadcrumbList\",\"@id\":\"https:\\\/\\\/globalprats.cat\\\/es\\\/contacto\\\/formulario-de-matriculacion\\\/#breadcrumb\",\"itemListElement\":[{\"@type\":\"ListItem\",\"position\":1,\"name\":\"Inici\",\"item\":\"https:\\\/\\\/globalprats.cat\\\/es\\\/inicio\\\/\"},{\"@type\":\"ListItem\",\"position\":2,\"name\":\"Contacto\",\"item\":\"https:\\\/\\\/globalprats.cat\\\/es\\\/contacto\\\/\"},{\"@type\":\"ListItem\",\"position\":3,\"name\":\"Formulario de matriculaci\u00f3n\"}]},{\"@type\":\"WebSite\",\"@id\":\"https:\\\/\\\/globalprats.cat\\\/#website\",\"url\":\"https:\\\/\\\/globalprats.cat\\\/\",\"name\":\"Global English\",\"description\":\"Welcome to Global English, l&#039;acad\u00e8mia d&#039;angl\u00e8s a Prats de Llu\u00e7an\u00e8s\",\"potentialAction\":[{\"@type\":\"SearchAction\",\"target\":{\"@type\":\"EntryPoint\",\"urlTemplate\":\"https:\\\/\\\/globalprats.cat\\\/?s={search_term_string}\"},\"query-input\":{\"@type\":\"PropertyValueSpecification\",\"valueRequired\":true,\"valueName\":\"search_term_string\"}}],\"inLanguage\":\"es\"}]}<\/script>\n<!-- \/ Yoast SEO Premium plugin. -->","yoast_head_json":{"title":"Formulario de matriculaci\u00f3n en Global Prats","description":"Matric\u00falate en los cursos de ingl\u00e9s de Global Prats. Aprende en Prats de Llu\u00e7an\u00e8s con programas adaptados para todas las edades y niveles.","robots":{"index":"index","follow":"follow","max-snippet":"max-snippet:-1","max-image-preview":"max-image-preview:large","max-video-preview":"max-video-preview:-1"},"canonical":"https:\/\/globalprats.cat\/es\/contacto\/formulario-de-matriculacion\/","og_locale":"es_ES","og_type":"article","og_title":"Formulario de matriculaci\u00f3n","og_description":"Matric\u00falate en los cursos de ingl\u00e9s de Global Prats. Aprende en Prats de Llu\u00e7an\u00e8s con programas adaptados para todas las edades y niveles.","og_url":"https:\/\/globalprats.cat\/es\/contacto\/formulario-de-matriculacion\/","og_site_name":"Global English","article_modified_time":"2025-02-13T20:29:01+00:00","twitter_card":"summary_large_image","twitter_misc":{"Tiempo de lectura":"1 minuto"},"schema":{"@context":"https:\/\/schema.org","@graph":[{"@type":"WebPage","@id":"https:\/\/globalprats.cat\/es\/contacto\/formulario-de-matriculacion\/","url":"https:\/\/globalprats.cat\/es\/contacto\/formulario-de-matriculacion\/","name":"Formulario de matriculaci\u00f3n en Global Prats","isPartOf":{"@id":"https:\/\/globalprats.cat\/#website"},"datePublished":"2024-01-23T08:50:05+00:00","dateModified":"2025-02-13T20:29:01+00:00","description":"Matric\u00falate en los cursos de ingl\u00e9s de Global Prats. Aprende en Prats de Llu\u00e7an\u00e8s con programas adaptados para todas las edades y niveles.","breadcrumb":{"@id":"https:\/\/globalprats.cat\/es\/contacto\/formulario-de-matriculacion\/#breadcrumb"},"inLanguage":"es","potentialAction":[{"@type":"ReadAction","target":["https:\/\/globalprats.cat\/es\/contacto\/formulario-de-matriculacion\/"]}]},{"@type":"BreadcrumbList","@id":"https:\/\/globalprats.cat\/es\/contacto\/formulario-de-matriculacion\/#breadcrumb","itemListElement":[{"@type":"ListItem","position":1,"name":"Inici","item":"https:\/\/globalprats.cat\/es\/inicio\/"},{"@type":"ListItem","position":2,"name":"Contacto","item":"https:\/\/globalprats.cat\/es\/contacto\/"},{"@type":"ListItem","position":3,"name":"Formulario de matriculaci\u00f3n"}]},{"@type":"WebSite","@id":"https:\/\/globalprats.cat\/#website","url":"https:\/\/globalprats.cat\/","name":"Global English","description":"Welcome to Global English, l&#039;acad\u00e8mia d&#039;angl\u00e8s a Prats de Llu\u00e7an\u00e8s","potentialAction":[{"@type":"SearchAction","target":{"@type":"EntryPoint","urlTemplate":"https:\/\/globalprats.cat\/?s={search_term_string}"},"query-input":{"@type":"PropertyValueSpecification","valueRequired":true,"valueName":"search_term_string"}}],"inLanguage":"es"}]}},"_links":{"self":[{"href":"https:\/\/globalprats.cat\/es\/wp-json\/wp\/v2\/pages\/2090","targetHints":{"allow":["GET"]}}],"collection":[{"href":"https:\/\/globalprats.cat\/es\/wp-json\/wp\/v2\/pages"}],"about":[{"href":"https:\/\/globalprats.cat\/es\/wp-json\/wp\/v2\/types\/page"}],"author":[{"embeddable":true,"href":"https:\/\/globalprats.cat\/es\/wp-json\/wp\/v2\/users\/3"}],"replies":[{"embeddable":true,"href":"https:\/\/globalprats.cat\/es\/wp-json\/wp\/v2\/comments?post=2090"}],"version-history":[{"count":5,"href":"https:\/\/globalprats.cat\/es\/wp-json\/wp\/v2\/pages\/2090\/revisions"}],"predecessor-version":[{"id":2935,"href":"https:\/\/globalprats.cat\/es\/wp-json\/wp\/v2\/pages\/2090\/revisions\/2935"}],"up":[{"embeddable":true,"href":"https:\/\/globalprats.cat\/es\/wp-json\/wp\/v2\/pages\/2088"}],"wp:attachment":[{"href":"https:\/\/globalprats.cat\/es\/wp-json\/wp\/v2\/media?parent=2090"}],"curies":[{"name":"wp","href":"https:\/\/api.w.org\/{rel}","templated":true}]}}