{"id":2111,"date":"2024-01-23T10:00:19","date_gmt":"2024-01-23T09:00:19","guid":{"rendered":"https:\/\/globalprats.cat\/horarios\/"},"modified":"2024-08-28T14:06:14","modified_gmt":"2024-08-28T12:06:14","slug":"horarios","status":"publish","type":"page","link":"https:\/\/globalprats.cat\/es\/horarios\/","title":{"rendered":"Horarios"},"content":{"rendered":"\n<style type=\"text\/css\" data-created_by=\"avia_inline_auto\" id=\"style-css-av-65m7vo-26776eb6f69b79f04d11d13c867f2479\">\n.avia-section.av-65m7vo-26776eb6f69b79f04d11d13c867f2479{\nbackground-repeat:no-repeat;\nbackground-image:url(https:\/\/globalprats.cat\/wp-content\/uploads\/2024\/03\/Global-Prats-11-1500x630.jpg);\nbackground-position:0% 0%;\nbackground-attachment:scroll;\n}\n.avia-section.av-65m7vo-26776eb6f69b79f04d11d13c867f2479 .av-section-color-overlay{\nopacity:0.5;\nbackground-color:#0a0a0a;\n}\n<\/style>\n<div id='capcalera'  class='avia-section av-65m7vo-26776eb6f69b79f04d11d13c867f2479 main_color avia-section-default avia-no-border-styling  avia-builder-el-0  el_before_av_two_third  avia-builder-el-first  avia-full-stretch avia-bg-style-scroll av-section-color-overlay-active av-minimum-height av-minimum-height-50 av-height-50  container_wrap fullsize'  data-section-bg-repeat='stretch' data-av_minimum_height_pc='50' data-av_min_height_opt='50'><div class=\"av-section-color-overlay-wrap\"><div class=\"av-section-color-overlay\"><\/div><div class='container av-section-cont-open' ><main  role=\"main\" itemprop=\"mainContentOfPage\"  class='template-page content  av-content-full alpha units'><div class='post-entry post-entry-type-page post-entry-2111'><div class='entry-content-wrapper clearfix'>\n<div  class='flex_column av-4fx2gk-ed36c0cb39b99d710ab8d1b9449e8244 av_one_full  avia-builder-el-1  avia-builder-el-no-sibling  first flex_column_div  '     ><p>\n<style type=\"text\/css\" data-created_by=\"avia_inline_auto\" id=\"style-css-av-23kdh0-2f2380c799014ef4457c0f570604b818\">\n.av_font_icon.av-23kdh0-2f2380c799014ef4457c0f570604b818 .av-icon-char{\nfont-size:65px;\nline-height:65px;\n}\n<\/style>\n<span  class='av_font_icon av-23kdh0-2f2380c799014ef4457c0f570604b818 avia_animate_when_visible av-icon-style- avia-icon-pos-left avia-iconfont avia-font-flaticon_education av-no-color avia-icon-animate'><span class='av-icon-char' data-av_icon='\uf112' data-av_iconfont='flaticon_education' aria-hidden=\"true\" ><\/span><\/span><br \/>\n\n<style type=\"text\/css\" data-created_by=\"avia_inline_auto\" id=\"style-css-av-lqnpg0z1-efbb0dd74a211a2b9a9ce8cfd577bdc2\">\n#top .av-special-heading.av-lqnpg0z1-efbb0dd74a211a2b9a9ce8cfd577bdc2{\npadding-bottom:10px;\ncolor:#ffffff;\n}\nbody .av-special-heading.av-lqnpg0z1-efbb0dd74a211a2b9a9ce8cfd577bdc2 .av-special-heading-tag .heading-char{\nfont-size:25px;\n}\n.av-special-heading.av-lqnpg0z1-efbb0dd74a211a2b9a9ce8cfd577bdc2 .special-heading-inner-border{\nborder-color:#ffffff;\n}\n.av-special-heading.av-lqnpg0z1-efbb0dd74a211a2b9a9ce8cfd577bdc2 .av-subheading{\nfont-size:15px;\n}\n<\/style>\n<div  class='av-special-heading av-lqnpg0z1-efbb0dd74a211a2b9a9ce8cfd577bdc2 av-special-heading-h1 custom-color-heading blockquote modern-quote  avia-builder-el-3  el_after_av_font_icon  el_before_av_textblock '><h1 class='av-special-heading-tag '  itemprop=\"headline\"  >Horaris<\/h1><div class=\"special-heading-border\"><div class=\"special-heading-inner-border\"><\/div><\/div><\/div><br \/>\n\n<style type=\"text\/css\" data-created_by=\"avia_inline_auto\" id=\"style-css-av-lqnpgdod-4be61b4464a7762625d4218a43676070\">\n#top .av_textblock_section.av-lqnpgdod-4be61b4464a7762625d4218a43676070 .avia_textblock{\ncolor:#ffffff;\n}\n<\/style>\n<section  class='av_textblock_section av-lqnpgdod-4be61b4464a7762625d4218a43676070 '   itemscope=\"itemscope\" itemtype=\"https:\/\/schema.org\/CreativeWork\" ><div class='avia_textblock av_inherit_color'  itemprop=\"text\" ><p style=\"text-align: justify;\">A trav\u00e9s de la siguiente tabla encontrar\u00e1s los horarios de cada grupo para que puedas organizarte mejor tu d\u00eda a d\u00eda.<\/p>\n<\/div><\/section><\/p><\/div>\n<\/div><\/div><\/main><!-- close content main element --><\/div><\/div><\/div><div id='after_section_1'  class='main_color av_default_container_wrap container_wrap fullsize'  ><div class='container av-section-cont-open' ><div class='template-page content  av-content-full alpha units'><div class='post-entry post-entry-type-page post-entry-2111'><div class='entry-content-wrapper clearfix'>\n<div  class='flex_column av-8rr44-5af55804f331bfa70f3323cbceff50b9 av_two_third  avia-builder-el-5  el_after_av_section  el_before_av_one_third  avia-builder-el-first  first flex_column_div  '     ><\/div>\n<div  class='flex_column av-amet0-bed1648dc2464c59a2187ec7b925e79c av_one_third  avia-builder-el-6  el_after_av_two_third  el_before_av_one_full  flex_column_div  '     ><div  class='avia-button-wrap avia-button-center  avia-builder-el-7  avia-builder-el-no-sibling '>\n<style type=\"text\/css\" data-created_by=\"avia_inline_auto\" id=\"style-css-av-lqqk7ney-3be6cbfa0d8452ac62e53e7e4b682bcc\">\n#top #wrap_all .avia-button.av-lqqk7ney-3be6cbfa0d8452ac62e53e7e4b682bcc:hover{\ncolor:white;\ntransition:all 0.4s ease-in-out;\n}\n#top #wrap_all .avia-button.av-lqqk7ney-3be6cbfa0d8452ac62e53e7e4b682bcc:hover .avia-svg-icon svg:first-child{\nfill:white;\nstroke:white;\n}\n<\/style>\n<a href='http:\/\/globalprats.cat\/wp-content\/uploads\/2023\/12\/GE.Calendari_23_24.01.pdf' class='avia-color-theme-color avia-font-color-theme-color avia-button avia-button-fullwidth av-lqqk7ney-3be6cbfa0d8452ac62e53e7e4b682bcc avia-icon_select-no avia-color-theme-color'   aria-label=\"CALENDARIO CURSO 2023 - 2024\"><span class='avia_iconbox_title' >CALENDARIO CURSO 2023 - 2024<\/span><span class='avia_button_background avia-button avia-button-fullwidth avia-color-theme-color-highlight'><\/span><\/a><\/div><\/div>\n\n<style type=\"text\/css\" data-created_by=\"avia_inline_auto\" id=\"style-css-av-l3od2t-135f0f049d564a956cfa2bc0c16c29ce\">\n.flex_column.av-l3od2t-135f0f049d564a956cfa2bc0c16c29ce{\nborder-radius:0px 0px 0px 0px;\npadding:0px 0px 0px 0px;\nbackground-color:#ffffff;\n}\n<\/style>\n<div  class='flex_column av-l3od2t-135f0f049d564a956cfa2bc0c16c29ce av_one_full  avia-builder-el-8  el_after_av_one_third  el_before_av_one_full  first flex_column_div av-animated-generic fade-in av-zero-column-padding  column-top-margin'     ><p>\n<style type=\"text\/css\" data-created_by=\"avia_inline_auto\" id=\"style-css-av-lqnphuzy-09d031bbded51115d1ac3e964e8c2f80\">\n#top .av-special-heading.av-lqnphuzy-09d031bbded51115d1ac3e964e8c2f80{\npadding-bottom:10px;\n}\nbody .av-special-heading.av-lqnphuzy-09d031bbded51115d1ac3e964e8c2f80 .av-special-heading-tag .heading-char{\nfont-size:25px;\n}\n.av-special-heading.av-lqnphuzy-09d031bbded51115d1ac3e964e8c2f80 .av-subheading{\nfont-size:15px;\n}\n<\/style>\n<div  class='av-special-heading av-lqnphuzy-09d031bbded51115d1ac3e964e8c2f80 av-special-heading-h2 blockquote modern-quote  avia-builder-el-9  el_before_av_table  avia-builder-el-first '><h2 class='av-special-heading-tag '  itemprop=\"headline\"  >Infantil \/ prim\u00e0ria<\/h2><div class=\"special-heading-border\"><div class=\"special-heading-inner-border\"><\/div><\/div><\/div><br \/>\n<div class='avia-data-table-wrap av-l4iy2e-b03bd4d299b01964be4d90b5c73fab99 avia_scrollable_table avia-table-1'><table  class='avia-table avia-data-table avia_pricing_minimal  avia-builder-el-10  el_after_av_heading  avia-builder-el-last '  itemscope=\"itemscope\" itemtype=\"https:\/\/schema.org\/Table\" ><tbody><tr class='avia-heading-row'><th class='avia-desc-col'><\/th><th class=''>Lunes<\/th><th class=''>Martes<\/th><th class=''>Mi\u00e9rcoles<\/th><th class=''>Jueves<\/th><th class=''>Viernes<\/th><\/tr><tr class=''><th class='avia-desc-col'>Kids (P3)<\/th><td class=''>12:00-13:00<\/td><td class=''><\/td><td class=''><\/td><td class=''><\/td><td class=''><\/td><\/tr><tr class=''><th class='avia-desc-col'>Kids (P4) <\/th><td class=''>&#8211;<\/td><td class=''>17:25-18:25<\/td><td class=''>&#8211;<\/td><td class=''>14:00-15:00<\/td><td class=''>14:00-15:00<\/td><\/tr><tr class=''><th class='avia-desc-col'>Kids (P5)<\/th><td class=''>&#8211;<\/td><td class=''>17:25-18:25<\/td><td class=''>14:00-15:00<\/td><td class=''>&#8211;<\/td><td class=''>&#8211;<\/td><\/tr><tr class=''><th class='avia-desc-col'>Pre-Starters (1\u00ba-2\u00ba primaria) <\/th><td class=''>&#8211;<\/td><td class=''>&#8211;<\/td><td class=''>17:25-18:25<\/td><td class=''>&#8211;<\/td><td class=''>13:00-14:00<\/td><\/tr><tr class=''><th class='avia-desc-col'>Starters<br \/>\n(2\u00ba- 3\u00ba de primaria)<\/th><td class=''>12:00-13:30<\/p>\n<p>13:30-15:00<\/td><td class=''>_<\/td><td class=''>13:00-14:00<br \/>\n17:25-18:55<\/td><td class=''>&#8211;<\/td><td class=''>13:00-14:00<\/td><\/tr><tr class=''><th class='avia-desc-col'>Movers (4\u00ba-5\u00ba primaria)<\/th><td class=''>13:30-15:00<\/p>\n<p>17:25-18:55<\/td><td class=''>&#8211;<\/td><td class=''>17:25-18:55<\/td><td class=''>&#8211;<\/td><td class=''>&#8211;<\/td><\/tr><tr class=''><th class='avia-desc-col'>Flyers- Ket<br \/>\n(6\u00ba primaria-1\u00ba ESO)<\/th><td class=''>15:45-17:15<br \/>\n<\/td><td class=''>18:30-20:00<\/td><td class=''>17:25-18:55<\/td><td class=''>&#8211;<\/td><td class=''>&#8211;<\/td><\/tr><\/tbody><\/table><\/div><\/p><\/div>\n<style type=\"text\/css\" data-created_by=\"avia_inline_auto\" id=\"style-css-av-8o52d-7da9a8914a4be979b0f58e74d25e1d94\">\n.flex_column.av-8o52d-7da9a8914a4be979b0f58e74d25e1d94{\nborder-radius:0px 0px 0px 0px;\npadding:0px 0px 0px 0px;\nbackground-color:#ffffff;\n}\n<\/style>\n<div  class='flex_column av-8o52d-7da9a8914a4be979b0f58e74d25e1d94 av_one_full  avia-builder-el-11  el_after_av_one_full  el_before_av_one_full  first flex_column_div av-animated-generic fade-in av-zero-column-padding  column-top-margin'     ><p>\n<style type=\"text\/css\" data-created_by=\"avia_inline_auto\" id=\"style-css-av-lqnpi4yf-e4690a7454f4a4d78e8fde251e30d9f5\">\n#top .av-special-heading.av-lqnpi4yf-e4690a7454f4a4d78e8fde251e30d9f5{\npadding-bottom:10px;\n}\nbody .av-special-heading.av-lqnpi4yf-e4690a7454f4a4d78e8fde251e30d9f5 .av-special-heading-tag .heading-char{\nfont-size:25px;\n}\n.av-special-heading.av-lqnpi4yf-e4690a7454f4a4d78e8fde251e30d9f5 .av-subheading{\nfont-size:15px;\n}\n<\/style>\n<div  class='av-special-heading av-lqnpi4yf-e4690a7454f4a4d78e8fde251e30d9f5 av-special-heading-h2 blockquote modern-quote  avia-builder-el-12  el_before_av_table  avia-builder-el-first '><h2 class='av-special-heading-tag '  itemprop=\"headline\"  >Adolescents<\/h2><div class=\"special-heading-border\"><div class=\"special-heading-inner-border\"><\/div><\/div><\/div><br \/>\n<div class='avia-data-table-wrap av-nwqtn9-ff410f833dcd5ee8a19c63d3ee61c193 avia_scrollable_table avia-table-2'><table  class='avia-table avia-data-table avia_pricing_minimal  avia-builder-el-13  el_after_av_heading  avia-builder-el-last '  itemscope=\"itemscope\" itemtype=\"https:\/\/schema.org\/Table\" ><tbody><tr class='avia-heading-row'><th class='avia-desc-col'><\/th><th class=''>Lunes<\/th><th class=''>Martes<\/th><th class=''>Mi\u00e9rcoles<\/th><th class=''>Jueves<\/th><th class=''>Viernes<\/th><\/tr><tr class=''><th class='avia-desc-col'>Ket<br \/>\n(1\u00ba-2\u00ba ESO)<\/th><td class=''>_<\/td><td class=''>_<\/td><td class=''>&#8211;<\/td><td class=''>15:30-17:00<\/td><td class=''>&#8211;<\/td><\/tr><tr class=''><th class='avia-desc-col'>Pet<br \/>\n(1\u00ba-2\u00ba-3\u00ba ESO)<\/th><td class=''>17:00-18:30<\/p>\n<p>18:30-20:00<\/td><td class=''>15:45-17:15<\/p>\n<p>17:15-18:45<\/td><td class=''>15:45-17:15<\/td><td class=''>15:30-17:00<\/td><td class=''>15:45-17:15<br \/>\n<\/td><\/tr><tr class=''><th class='avia-desc-col'>Fce<br \/>\n(3r,4rt ESO-bachillerato)<\/th><td class=''>15:45-16:45 (dll y dc)<\/p>\n<p>18:30\/20:00<\/td><td class=''>15:45-17:15<\/p>\n<p><\/td><td class=''>15:45-16-45 (dll y dc)<\/p>\n<p><\/td><td class=''>15:30-17:00<\/td><td class=''>&#8211;<\/td><\/tr><tr class=''><th class='avia-desc-col'>Cae Teens (bachillerato)<\/th><td class=''>15:45- 16:45 (dll y dc)<\/td><td class=''>&#8211;<\/td><td class=''>15:45- 16:45 (dll y dc)<\/td><td class=''>15:45- 17:15<\/td><td class=''>&#8211;<\/td><\/tr><\/tbody><\/table><\/div><\/p><\/div>\n<style type=\"text\/css\" data-created_by=\"avia_inline_auto\" id=\"style-css-av-krlovtbp-7923e8350e209811b2e2b853c3c52130\">\n.flex_column.av-krlovtbp-7923e8350e209811b2e2b853c3c52130{\nborder-radius:0px 0px 0px 0px;\npadding:0px 0px 0px 0px;\nbackground-color:#ffffff;\n}\n<\/style>\n<div  class='flex_column av-krlovtbp-7923e8350e209811b2e2b853c3c52130 av_one_full  avia-builder-el-14  el_after_av_one_full  el_before_av_one_full  first flex_column_div av-animated-generic fade-in av-zero-column-padding  column-top-margin'     ><p>\n<style type=\"text\/css\" data-created_by=\"avia_inline_auto\" id=\"style-css-av-lqnpiewn-6ce482a9ca719e1ae3a7741078f7b6d2\">\n#top .av-special-heading.av-lqnpiewn-6ce482a9ca719e1ae3a7741078f7b6d2{\npadding-bottom:10px;\n}\nbody .av-special-heading.av-lqnpiewn-6ce482a9ca719e1ae3a7741078f7b6d2 .av-special-heading-tag .heading-char{\nfont-size:25px;\n}\n.av-special-heading.av-lqnpiewn-6ce482a9ca719e1ae3a7741078f7b6d2 .av-subheading{\nfont-size:15px;\n}\n<\/style>\n<div  class='av-special-heading av-lqnpiewn-6ce482a9ca719e1ae3a7741078f7b6d2 av-special-heading-h2 blockquote modern-quote  avia-builder-el-15  el_before_av_table  avia-builder-el-first '><h2 class='av-special-heading-tag '  itemprop=\"headline\"  >Adults<\/h2><div class=\"special-heading-border\"><div class=\"special-heading-inner-border\"><\/div><\/div><\/div><br \/>\n<div class='avia-data-table-wrap av-efa32d-0d63aecce96a1575e00dc41085ab5519 avia_scrollable_table avia-table-3'><table  class='avia-table avia-data-table avia_pricing_minimal  avia-builder-el-16  el_after_av_heading  avia-builder-el-last '  itemscope=\"itemscope\" itemtype=\"https:\/\/schema.org\/Table\" ><tbody><tr class='avia-heading-row'><th class='avia-desc-col'><\/th><th class=''>Lunes<\/th><th class=''>Martes<\/th><th class=''>Mi\u00e9rcoles<\/th><th class=''>Jueves<\/th><th class=''>Viernes<\/th><\/tr><tr class=''><th class='avia-desc-col'>Begginers <\/th><td class=''>&#8211;<\/td><td class=''>15:00-16:15<\/td><td class=''>&#8211;<\/td><td class=''>&#8211;<\/td><td class=''>&#8211;<\/td><\/tr><tr class=''><th class='avia-desc-col'>Elementary <\/th><td class=''>_<\/td><td class=''>&#8211;<\/td><td class=''>19:00-20:00<\/td><td class=''>&#8211;<\/td><td class=''>&#8211;<\/td><\/tr><tr class=''><th class='avia-desc-col'>Pre-intermediate <\/th><td class=''>&#8211;<\/td><td class=''>15:30-17:00<\/td><td class=''>&#8211;<\/td><td class=''>&#8211;<\/td><td class=''>&#8211;<\/td><\/tr><tr class=''><th class='avia-desc-col'>Intermediate <\/th><td class=''><\/td><td class=''>19:00-20:30<\/td><td class=''>&#8211;<\/td><td class=''>&#8211;<\/td><td class=''>&#8211;<\/td><\/tr><tr class=''><th class='avia-desc-col'>Cae <\/th><td class=''>&#8211;<\/td><td class=''>_<\/td><td class=''>18:30-20:00<\/td><td class=''>_<\/td><td class=''>&#8211;<\/td><\/tr><tr class=''><th class='avia-desc-col'>Speaking (Advanced)<\/th><td class=''>&#8211;<\/td><td class=''>&#8211;<\/td><td class=''>&#8211;<\/td><td class=''>18:00-19:00<\/td><td class=''>&#8211;<\/td><\/tr><tr class=''><th class='avia-desc-col'>Speaking (Elementary)<\/th><td class=''>&#8211;<\/td><td class=''>&#8211;<\/td><td class=''>&#8211;<\/td><td class=''>18:30-19:30<\/td><td class=''>&#8211;<\/td><\/tr><tr class=''><th class='avia-desc-col'>Fce <\/th><td class=''><\/td><td class=''><\/td><td class=''><\/td><td class=''><\/td><td class=''>9:00-10:30 (pendiente)<\/p>\n<p>19:30-20:00<\/td><\/tr><\/tbody><\/table><\/div><\/p><\/div>\n<style type=\"text\/css\" data-created_by=\"avia_inline_auto\" id=\"style-css-av-53fwx9-3a2d172a2a2ca4283e4695b1a7b5fedb\">\n.flex_column.av-53fwx9-3a2d172a2a2ca4283e4695b1a7b5fedb{\nborder-radius:0px 0px 0px 0px;\npadding:0px 0px 0px 0px;\nbackground-color:#ffffff;\n}\n<\/style>\n<div  class='flex_column av-53fwx9-3a2d172a2a2ca4283e4695b1a7b5fedb av_one_full  avia-builder-el-17  el_after_av_one_full  el_before_av_one_full  first flex_column_div av-animated-generic fade-in av-zero-column-padding  column-top-margin'     ><p>\n<style type=\"text\/css\" data-created_by=\"avia_inline_auto\" id=\"style-css-av-lqnpipz1-afdf25a8e1c68aaa3e6e2a9be6ae1eb6\">\n#top .av-special-heading.av-lqnpipz1-afdf25a8e1c68aaa3e6e2a9be6ae1eb6{\npadding-bottom:10px;\n}\nbody .av-special-heading.av-lqnpipz1-afdf25a8e1c68aaa3e6e2a9be6ae1eb6 .av-special-heading-tag .heading-char{\nfont-size:25px;\n}\n.av-special-heading.av-lqnpipz1-afdf25a8e1c68aaa3e6e2a9be6ae1eb6 .av-subheading{\nfont-size:15px;\n}\n<\/style>\n<div  class='av-special-heading av-lqnpipz1-afdf25a8e1c68aaa3e6e2a9be6ae1eb6 av-special-heading-h2 blockquote modern-quote  avia-builder-el-18  el_before_av_table  avia-builder-el-first '><h2 class='av-special-heading-tag '  itemprop=\"headline\"  >Franc\u00e8s<\/h2><div class=\"special-heading-border\"><div class=\"special-heading-inner-border\"><\/div><\/div><\/div><br \/>\n<div class='avia-data-table-wrap av-4ycw6t-c39fbb2bce2e67bd361a2b10b1945de5 avia_scrollable_table avia-table-4'><table  class='avia-table avia-data-table avia_pricing_minimal  avia-builder-el-19  el_after_av_heading  avia-builder-el-last '  itemscope=\"itemscope\" itemtype=\"https:\/\/schema.org\/Table\" ><tbody><tr class='avia-heading-row'><th class='avia-desc-col'><\/th><th class=''>Lunes<\/th><th class=''>Martes<\/th><th class=''>Mi\u00e9rcoles<\/th><th class=''>Jueves<\/th><th class=''>Viernes<\/th><\/tr><tr class=''><th class='avia-desc-col'>Franc\u00e9s A2 (j\u00f3venes)<\/th><td class=''>&#8211;<\/td><td class=''>17:55-18:55<\/td><td class=''>&#8211;<\/td><td class=''>&#8211;<\/td><td class=''>&#8211;<\/td><\/tr><tr class=''><th class='avia-desc-col'> Franc\u00e9s B2 (ONLINE) <\/th><td class=''>&#8211;<\/td><td class=''>&#8211;<\/td><td class=''>&#8211;<\/td><td class=''>17:25-18:55<\/td><td class=''>&#8211;<\/td><\/tr><\/tbody><\/table><\/div><\/p><\/div>\n<style type=\"text\/css\" data-created_by=\"avia_inline_auto\" id=\"style-css-av-l6rn91-b7c586ed22487eeeb20a058e35d3a4d1\">\n.flex_column.av-l6rn91-b7c586ed22487eeeb20a058e35d3a4d1{\nborder-radius:0px 0px 0px 0px;\npadding:0px 0px 0px 0px;\n}\n<\/style>\n<div  class='flex_column av-l6rn91-b7c586ed22487eeeb20a058e35d3a4d1 av_one_full  avia-builder-el-20  el_after_av_one_full  avia-builder-el-last  first flex_column_div av-zero-column-padding  column-top-margin'     ><section  class='av_textblock_section av-jyxda42l-2f4bfe4b1b097268bf9a3c2f74ce9a7e '   itemscope=\"itemscope\" itemtype=\"https:\/\/schema.org\/CreativeWork\" ><div class='avia_textblock'  itemprop=\"text\" ><p style=\"text-align: justify;\"><strong>Si tienes ganas de venir y nuestras agendas no coinciden, no dudes en hac\u00e9rnoslo saber a trav\u00e9s de <a href=\"mailto:hola@globalprats.cat\">hola@globalprats.cat<\/a> y buscaremos una soluci\u00f3n!<\/strong><\/p>\n<p>*Los horarios del mediod\u00eda hacen referencia a las clases que ofrecemos en la Escuela Llu\u00e7an\u00e8s de Prats.<\/p>\n<p>Recomendaci\u00f3n de horas <strong>m\u00ednimas<\/strong> por semana:<\/p>\n<p>\u00b7 Infantil: 1 hora por semana<\/p>\n<p>\u00b7Starters : 1 hora por semana<\/p>\n<p>\u00b7Movers: de entre 1 y 1&#8217;5 horas por semana<\/p>\n<p>\u00b7Flyers, Ket, Pet, Fce : 1&#8217;5 horas por semana<\/p>\n<p>\u00b7Cae, Cpe: 2 horas por semana<\/p>\n<\/div><\/section><\/div><\/p>\n","protected":false},"excerpt":{"rendered":"","protected":false},"author":3,"featured_media":0,"parent":0,"menu_order":0,"comment_status":"closed","ping_status":"closed","template":"","meta":{"footnotes":""},"class_list":["post-2111","page","type-page","status-publish","hentry"],"yoast_head":"<!-- This site is optimized with the Yoast SEO Premium plugin v25.2 (Yoast SEO v27.3) - https:\/\/yoast.com\/product\/yoast-seo-premium-wordpress\/ -->\n<title>Horarios de los cursos de ingl\u00e9s en Global Prats<\/title>\n<meta name=\"description\" content=\"Consulta los horarios de nuestros cursos de ingl\u00e9s y otros idiomas en Prats de Llu\u00e7an\u00e8s y organiza tu aprendizaje con nosotros.\" \/>\n<meta name=\"robots\" content=\"index, follow, max-snippet:-1, max-image-preview:large, max-video-preview:-1\" \/>\n<link rel=\"canonical\" href=\"https:\/\/globalprats.cat\/es\/horarios\/\" \/>\n<meta property=\"og:locale\" content=\"es_ES\" \/>\n<meta property=\"og:type\" content=\"article\" \/>\n<meta property=\"og:title\" content=\"Horarios\" \/>\n<meta property=\"og:description\" content=\"Consulta los horarios de nuestros cursos de ingl\u00e9s y otros idiomas en Prats de Llu\u00e7an\u00e8s y organiza tu aprendizaje con nosotros.\" \/>\n<meta property=\"og:url\" content=\"https:\/\/globalprats.cat\/es\/horarios\/\" \/>\n<meta property=\"og:site_name\" content=\"Global English\" \/>\n<meta property=\"article:modified_time\" content=\"2024-08-28T12:06:14+00:00\" \/>\n<meta name=\"twitter:card\" content=\"summary_large_image\" \/>\n<meta name=\"twitter:label1\" content=\"Tiempo de lectura\" \/>\n\t<meta name=\"twitter:data1\" content=\"2 minutos\" \/>\n<script type=\"application\/ld+json\" class=\"yoast-schema-graph\">{\"@context\":\"https:\\\/\\\/schema.org\",\"@graph\":[{\"@type\":\"WebPage\",\"@id\":\"https:\\\/\\\/globalprats.cat\\\/es\\\/horarios\\\/\",\"url\":\"https:\\\/\\\/globalprats.cat\\\/es\\\/horarios\\\/\",\"name\":\"Horarios de los cursos de ingl\u00e9s en Global Prats\",\"isPartOf\":{\"@id\":\"https:\\\/\\\/globalprats.cat\\\/#website\"},\"datePublished\":\"2024-01-23T09:00:19+00:00\",\"dateModified\":\"2024-08-28T12:06:14+00:00\",\"description\":\"Consulta los horarios de nuestros cursos de ingl\u00e9s y otros idiomas en Prats de Llu\u00e7an\u00e8s y organiza tu aprendizaje con nosotros.\",\"breadcrumb\":{\"@id\":\"https:\\\/\\\/globalprats.cat\\\/es\\\/horarios\\\/#breadcrumb\"},\"inLanguage\":\"es\",\"potentialAction\":[{\"@type\":\"ReadAction\",\"target\":[\"https:\\\/\\\/globalprats.cat\\\/es\\\/horarios\\\/\"]}]},{\"@type\":\"BreadcrumbList\",\"@id\":\"https:\\\/\\\/globalprats.cat\\\/es\\\/horarios\\\/#breadcrumb\",\"itemListElement\":[{\"@type\":\"ListItem\",\"position\":1,\"name\":\"Inici\",\"item\":\"https:\\\/\\\/globalprats.cat\\\/es\\\/inicio\\\/\"},{\"@type\":\"ListItem\",\"position\":2,\"name\":\"Horarios\"}]},{\"@type\":\"WebSite\",\"@id\":\"https:\\\/\\\/globalprats.cat\\\/#website\",\"url\":\"https:\\\/\\\/globalprats.cat\\\/\",\"name\":\"Global English\",\"description\":\"Welcome to Global English, l&#039;acad\u00e8mia d&#039;angl\u00e8s a Prats de Llu\u00e7an\u00e8s\",\"potentialAction\":[{\"@type\":\"SearchAction\",\"target\":{\"@type\":\"EntryPoint\",\"urlTemplate\":\"https:\\\/\\\/globalprats.cat\\\/?s={search_term_string}\"},\"query-input\":{\"@type\":\"PropertyValueSpecification\",\"valueRequired\":true,\"valueName\":\"search_term_string\"}}],\"inLanguage\":\"es\"}]}<\/script>\n<!-- \/ Yoast SEO Premium plugin. -->","yoast_head_json":{"title":"Horarios de los cursos de ingl\u00e9s en Global Prats","description":"Consulta los horarios de nuestros cursos de ingl\u00e9s y otros idiomas en Prats de Llu\u00e7an\u00e8s y organiza tu aprendizaje con nosotros.","robots":{"index":"index","follow":"follow","max-snippet":"max-snippet:-1","max-image-preview":"max-image-preview:large","max-video-preview":"max-video-preview:-1"},"canonical":"https:\/\/globalprats.cat\/es\/horarios\/","og_locale":"es_ES","og_type":"article","og_title":"Horarios","og_description":"Consulta los horarios de nuestros cursos de ingl\u00e9s y otros idiomas en Prats de Llu\u00e7an\u00e8s y organiza tu aprendizaje con nosotros.","og_url":"https:\/\/globalprats.cat\/es\/horarios\/","og_site_name":"Global English","article_modified_time":"2024-08-28T12:06:14+00:00","twitter_card":"summary_large_image","twitter_misc":{"Tiempo de lectura":"2 minutos"},"schema":{"@context":"https:\/\/schema.org","@graph":[{"@type":"WebPage","@id":"https:\/\/globalprats.cat\/es\/horarios\/","url":"https:\/\/globalprats.cat\/es\/horarios\/","name":"Horarios de los cursos de ingl\u00e9s en Global Prats","isPartOf":{"@id":"https:\/\/globalprats.cat\/#website"},"datePublished":"2024-01-23T09:00:19+00:00","dateModified":"2024-08-28T12:06:14+00:00","description":"Consulta los horarios de nuestros cursos de ingl\u00e9s y otros idiomas en Prats de Llu\u00e7an\u00e8s y organiza tu aprendizaje con nosotros.","breadcrumb":{"@id":"https:\/\/globalprats.cat\/es\/horarios\/#breadcrumb"},"inLanguage":"es","potentialAction":[{"@type":"ReadAction","target":["https:\/\/globalprats.cat\/es\/horarios\/"]}]},{"@type":"BreadcrumbList","@id":"https:\/\/globalprats.cat\/es\/horarios\/#breadcrumb","itemListElement":[{"@type":"ListItem","position":1,"name":"Inici","item":"https:\/\/globalprats.cat\/es\/inicio\/"},{"@type":"ListItem","position":2,"name":"Horarios"}]},{"@type":"WebSite","@id":"https:\/\/globalprats.cat\/#website","url":"https:\/\/globalprats.cat\/","name":"Global English","description":"Welcome to Global English, l&#039;acad\u00e8mia d&#039;angl\u00e8s a Prats de Llu\u00e7an\u00e8s","potentialAction":[{"@type":"SearchAction","target":{"@type":"EntryPoint","urlTemplate":"https:\/\/globalprats.cat\/?s={search_term_string}"},"query-input":{"@type":"PropertyValueSpecification","valueRequired":true,"valueName":"search_term_string"}}],"inLanguage":"es"}]}},"_links":{"self":[{"href":"https:\/\/globalprats.cat\/es\/wp-json\/wp\/v2\/pages\/2111","targetHints":{"allow":["GET"]}}],"collection":[{"href":"https:\/\/globalprats.cat\/es\/wp-json\/wp\/v2\/pages"}],"about":[{"href":"https:\/\/globalprats.cat\/es\/wp-json\/wp\/v2\/types\/page"}],"author":[{"embeddable":true,"href":"https:\/\/globalprats.cat\/es\/wp-json\/wp\/v2\/users\/3"}],"replies":[{"embeddable":true,"href":"https:\/\/globalprats.cat\/es\/wp-json\/wp\/v2\/comments?post=2111"}],"version-history":[{"count":3,"href":"https:\/\/globalprats.cat\/es\/wp-json\/wp\/v2\/pages\/2111\/revisions"}],"predecessor-version":[{"id":2868,"href":"https:\/\/globalprats.cat\/es\/wp-json\/wp\/v2\/pages\/2111\/revisions\/2868"}],"wp:attachment":[{"href":"https:\/\/globalprats.cat\/es\/wp-json\/wp\/v2\/media?parent=2111"}],"curies":[{"name":"wp","href":"https:\/\/api.w.org\/{rel}","templated":true}]}}