{"id":2151,"date":"2024-01-23T10:16:06","date_gmt":"2024-01-23T09:16:06","guid":{"rendered":"https:\/\/globalprats.cat\/trabaja-con-nosotros\/"},"modified":"2024-03-13T11:29:01","modified_gmt":"2024-03-13T10:29:01","slug":"trabaja-con-nosotros","status":"publish","type":"page","link":"https:\/\/globalprats.cat\/es\/contacto\/trabaja-con-nosotros\/","title":{"rendered":"Trabaja con nosotros"},"content":{"rendered":"\n<style type=\"text\/css\" data-created_by=\"avia_inline_auto\" id=\"style-css-av-7ckn46-ac63bb2b96cedd9277fb3cfd7869f890\">\n.avia-section.av-7ckn46-ac63bb2b96cedd9277fb3cfd7869f890{\nbackground-repeat:no-repeat;\nbackground-image:url(https:\/\/globalprats.cat\/wp-content\/uploads\/2024\/03\/Global-Prats-47-1500x630.jpg);\nbackground-position:50% 0%;\nbackground-attachment:scroll;\n}\n.avia-section.av-7ckn46-ac63bb2b96cedd9277fb3cfd7869f890 .av-section-color-overlay{\nopacity:0.5;\nbackground-color:#0a0a0a;\n}\n<\/style>\n<div id='capcalera'  class='avia-section av-7ckn46-ac63bb2b96cedd9277fb3cfd7869f890 main_color avia-section-default avia-no-border-styling  avia-builder-el-0  el_before_av_one_full  avia-builder-el-first  avia-full-stretch avia-bg-style-scroll av-section-color-overlay-active av-minimum-height av-minimum-height-50 av-height-50  container_wrap fullsize'  data-section-bg-repeat='stretch' data-av_minimum_height_pc='50' data-av_min_height_opt='50'><div class=\"av-section-color-overlay-wrap\"><div class=\"av-section-color-overlay\"><\/div><div class='container av-section-cont-open' ><main  role=\"main\" itemprop=\"mainContentOfPage\"  class='template-page content  av-content-full alpha units'><div class='post-entry post-entry-type-page post-entry-2151'><div class='entry-content-wrapper clearfix'>\n<div  class='flex_column av-5gtih2-c8274f0ed69d420389b30301096001ec av_one_full  avia-builder-el-1  avia-builder-el-no-sibling  first flex_column_div  '     ><p>\n<style type=\"text\/css\" data-created_by=\"avia_inline_auto\" id=\"style-css-av-3vrz06-d7c41141ffc7680c995e7f5101a3b1c9\">\n.av_font_icon.av-3vrz06-d7c41141ffc7680c995e7f5101a3b1c9 .av-icon-char{\nfont-size:65px;\nline-height:65px;\n}\n<\/style>\n<span  class='av_font_icon av-3vrz06-d7c41141ffc7680c995e7f5101a3b1c9 avia_animate_when_visible av-icon-style- avia-icon-pos-left avia-iconfont avia-font-flaticon_education av-no-color avia-icon-animate'><span class='av-icon-char' data-av_icon='\uf112' data-av_iconfont='flaticon_education' aria-hidden=\"true\" ><\/span><\/span><br \/>\n\n<style type=\"text\/css\" data-created_by=\"avia_inline_auto\" id=\"style-css-av-lq2897cq-e872710159c21d57584c2dbfec0e33ef\">\n#top .av-special-heading.av-lq2897cq-e872710159c21d57584c2dbfec0e33ef{\npadding-bottom:10px;\ncolor:#ffffff;\n}\nbody .av-special-heading.av-lq2897cq-e872710159c21d57584c2dbfec0e33ef .av-special-heading-tag .heading-char{\nfont-size:25px;\n}\n.av-special-heading.av-lq2897cq-e872710159c21d57584c2dbfec0e33ef .special-heading-inner-border{\nborder-color:#ffffff;\n}\n.av-special-heading.av-lq2897cq-e872710159c21d57584c2dbfec0e33ef .av-subheading{\nfont-size:15px;\n}\n<\/style>\n<div  class='av-special-heading av-lq2897cq-e872710159c21d57584c2dbfec0e33ef av-special-heading-h1 custom-color-heading blockquote modern-quote  avia-builder-el-3  el_after_av_font_icon  el_before_av_textblock '><h1 class='av-special-heading-tag '  itemprop=\"headline\"  >Treballa amb nosaltres<\/h1><div class=\"special-heading-border\"><div class=\"special-heading-inner-border\"><\/div><\/div><\/div><br \/>\n\n<style type=\"text\/css\" data-created_by=\"avia_inline_auto\" id=\"style-css-av-lq288ymx-7ef284ddcad359d0ab34fa72c87ac17b\">\n#top .av_textblock_section.av-lq288ymx-7ef284ddcad359d0ab34fa72c87ac17b .avia_textblock{\ncolor:#ffffff;\n}\n<\/style>\n<section  class='av_textblock_section av-lq288ymx-7ef284ddcad359d0ab34fa72c87ac17b '   itemscope=\"itemscope\" itemtype=\"https:\/\/schema.org\/CreativeWork\" ><div class='avia_textblock av_inherit_color'  itemprop=\"text\" ><p>\u00bfTienes ganas de formar parte de nuestro equipo en la academia de ingl\u00e9s Global Prats? Buscamos a profesionales apasionados en la experiencia de aprendizaje de nuestros alumnos. Haznos llegar tus datos y tu CV y \u200b\u200blo tendremos en cuenta por futuras incorporaciones.<\/p>\n<\/div><\/section><\/p><\/div>\n<\/div><\/div><\/main><!-- close content main element --><\/div><\/div><\/div><div id='after_section_1'  class='main_color av_default_container_wrap container_wrap fullsize'  ><div class='container av-section-cont-open' ><div class='template-page content  av-content-full alpha units'><div class='post-entry post-entry-type-page post-entry-2151'><div class='entry-content-wrapper clearfix'>\n<div  class='flex_column av-2xabxi-3ae52677b3880954059c10927fe2aa3c av_one_full  avia-builder-el-5  el_after_av_section  avia-builder-el-no-sibling  first flex_column_div  '     ><p>\n<style type=\"text\/css\" data-created_by=\"avia_inline_auto\" id=\"style-css-av-lq28jix4-8a9c245fe4b49f2e4294483e153d71db\">\n#top .av-special-heading.av-lq28jix4-8a9c245fe4b49f2e4294483e153d71db{\npadding-bottom:10px;\n}\nbody .av-special-heading.av-lq28jix4-8a9c245fe4b49f2e4294483e153d71db .av-special-heading-tag .heading-char{\nfont-size:25px;\n}\n.av-special-heading.av-lq28jix4-8a9c245fe4b49f2e4294483e153d71db .av-subheading{\nfont-size:15px;\n}\n<\/style>\n<div  class='av-special-heading av-lq28jix4-8a9c245fe4b49f2e4294483e153d71db av-special-heading-h2 blockquote modern-quote  avia-builder-el-6  el_before_av_textblock  avia-builder-el-first '><h2 class='av-special-heading-tag '  itemprop=\"headline\"  >Omple el formulari<\/h2><div class=\"special-heading-border\"><div class=\"special-heading-inner-border\"><\/div><\/div><\/div><br \/>\n<section  class='av_textblock_section av-lq288ayj-b240c0e90d571c86fe07a85b332918bc '   itemscope=\"itemscope\" itemtype=\"https:\/\/schema.org\/CreativeWork\" ><div class='avia_textblock'  itemprop=\"text\" ><noscript class=\"ninja-forms-noscript-message\">\n\tAviso: Se requiere JavaScript para este contenido.<\/noscript>\n<div id=\"nf-form-1-cont\" class=\"nf-form-cont\" aria-live=\"polite\" aria-labelledby=\"nf-form-title-1\" aria-describedby=\"nf-form-errors-1\" role=\"form\">\n\n    <div class=\"nf-loading-spinner\"><\/div>\n\n<\/div>\n        <!-- That data is being printed as a workaround to page builders reordering the order of the scripts loaded-->\n        <script>var formDisplay=1;var nfForms=nfForms||[];var form=[];form.id='1';form.settings={\"objectType\":\"Form Setting\",\"editActive\":true,\"title\":\"\",\"key\":\"\",\"created_at\":\"2023-12-12 10:09:52\",\"default_label_pos\":\"hidden\",\"conditions\":[],\"show_title\":\"1\",\"clear_complete\":\"1\",\"hide_complete\":\"1\",\"wrapper_class\":\"\",\"element_class\":\"\",\"add_submit\":\"1\",\"logged_in\":\"\",\"not_logged_in_msg\":\"\",\"sub_limit_number\":\"\",\"sub_limit_msg\":\"\",\"calculations\":[],\"formContentData\":[\"nom_1702378300110\",\"e-mail_1702378328439\",\"telefon_1702378379615\",\"adjunta_el_teu_cv_1702378411480\",\"observacions_1702379212461\",\"enviar_1702379416859\"],\"container_styles_background-color\":\"\",\"container_styles_border\":\"\",\"container_styles_border-style\":\"\",\"container_styles_border-color\":\"\",\"container_styles_color\":\"\",\"container_styles_height\":\"\",\"container_styles_width\":\"\",\"container_styles_font-size\":\"\",\"container_styles_margin\":\"\",\"container_styles_padding\":\"\",\"container_styles_display\":\"\",\"container_styles_float\":\"\",\"container_styles_show_advanced_css\":\"0\",\"container_styles_advanced\":\"\",\"title_styles_background-color\":\"\",\"title_styles_border\":\"\",\"title_styles_border-style\":\"\",\"title_styles_border-color\":\"\",\"title_styles_color\":\"\",\"title_styles_height\":\"\",\"title_styles_width\":\"\",\"title_styles_font-size\":\"\",\"title_styles_margin\":\"\",\"title_styles_padding\":\"\",\"title_styles_display\":\"\",\"title_styles_float\":\"\",\"title_styles_show_advanced_css\":\"0\",\"title_styles_advanced\":\"\",\"row_styles_background-color\":\"\",\"row_styles_border\":\"\",\"row_styles_border-style\":\"\",\"row_styles_border-color\":\"\",\"row_styles_color\":\"\",\"row_styles_height\":\"\",\"row_styles_width\":\"\",\"row_styles_font-size\":\"\",\"row_styles_margin\":\"\",\"row_styles_padding\":\"\",\"row_styles_display\":\"\",\"row_styles_show_advanced_css\":\"0\",\"row_styles_advanced\":\"\",\"row-odd_styles_background-color\":\"\",\"row-odd_styles_border\":\"\",\"row-odd_styles_border-style\":\"\",\"row-odd_styles_border-color\":\"\",\"row-odd_styles_color\":\"\",\"row-odd_styles_height\":\"\",\"row-odd_styles_width\":\"\",\"row-odd_styles_font-size\":\"\",\"row-odd_styles_margin\":\"\",\"row-odd_styles_padding\":\"\",\"row-odd_styles_display\":\"\",\"row-odd_styles_show_advanced_css\":\"0\",\"row-odd_styles_advanced\":\"\",\"success-msg_styles_background-color\":\"\",\"success-msg_styles_border\":\"\",\"success-msg_styles_border-style\":\"\",\"success-msg_styles_border-color\":\"\",\"success-msg_styles_color\":\"\",\"success-msg_styles_height\":\"\",\"success-msg_styles_width\":\"\",\"success-msg_styles_font-size\":\"\",\"success-msg_styles_margin\":\"\",\"success-msg_styles_padding\":\"\",\"success-msg_styles_display\":\"\",\"success-msg_styles_show_advanced_css\":\"0\",\"success-msg_styles_advanced\":\"\",\"error_msg_styles_background-color\":\"\",\"error_msg_styles_border\":\"\",\"error_msg_styles_border-style\":\"\",\"error_msg_styles_border-color\":\"\",\"error_msg_styles_color\":\"\",\"error_msg_styles_height\":\"\",\"error_msg_styles_width\":\"\",\"error_msg_styles_font-size\":\"\",\"error_msg_styles_margin\":\"\",\"error_msg_styles_padding\":\"\",\"error_msg_styles_display\":\"\",\"error_msg_styles_show_advanced_css\":\"0\",\"error_msg_styles_advanced\":\"\",\"allow_public_link\":0,\"public_link\":\"https:\\\/\\\/globalprats.ergatesweb8.ovh\\\/ninja-forms\\\/199mi\",\"embed_form\":\"\",\"form_title_heading_level\":\"3\",\"currency\":\"\",\"unique_field_error\":\"Ja s'ha enviat un formulari amb aquest valor.\",\"public_link_key\":\"199mi\",\"changeEmailErrorMsg\":\"SIUSPLAU, INTRODUEIXI UNA ADRE\\u00c7A DE CORREU ELECTR\\u00d2NIC V\\u00c0LIDA!\",\"changeDateErrorMsg\":\"INTRODUIX UNA DATA V\\u00c0LIDA!\",\"confirmFieldErrorMsg\":\"AQUESTS CAMPS HAN DE COINCIDIR!\",\"fieldNumberNumMinError\":\"ERROR DE N\\u00daMERO MIN\",\"fieldNumberNumMaxError\":\"ERROR MAX NUMBER\",\"fieldNumberIncrementBy\":\"SI US PLAU INCREMENTA\",\"formErrorsCorrectErrors\":\"CORREGEIX ELS ERRORS ABANS D&#039;ENVIAR AQUEST FORMULARI.\",\"validateRequiredField\":\"AQUEST CAMP \\u00c9S OBLIGATORI.\",\"honeypotHoneypotError\":\"HONEYPOT ERROR\",\"fieldsMarkedRequired\":\"ELS CAMPS MARCATS AMB * S\\u00d3N OBLIGATS\",\"drawerDisabled\":false,\"ninjaForms\":\"Ninja Forms\",\"fieldTextareaRTEInsertLink\":\"Insertar enlace\",\"fieldTextareaRTEInsertMedia\":\"Insertar medios\",\"fieldTextareaRTESelectAFile\":\"Seleccione un archivo\",\"formHoneypot\":\"Si eres un ser humano y est\\u00e1s viendo este campo, por favor d\\u00e9jalo vac\\u00edo.\",\"fileUploadOldCodeFileUploadInProgress\":\"Subida de archivo en curso.\",\"fileUploadOldCodeFileUpload\":\"SUBIDA DE ARCHIVO\",\"currencySymbol\":\"&#36;\",\"thousands_sep\":\".\",\"decimal_point\":\",\",\"siteLocale\":\"es_ES\",\"dateFormat\":\"m\\\/d\\\/Y\",\"startOfWeek\":\"1\",\"of\":\"de\",\"previousMonth\":\"Mes anterior\",\"nextMonth\":\"Pr\\u00f3ximo mes\",\"months\":[\"Enero\",\"Febrero\",\"Marzo\",\"Abril\",\"Mayo\",\"Junio\",\"Julio\",\"Agosto\",\"Septiembre\",\"Octubre\",\"Noviembre\",\"Diciembre\"],\"monthsShort\":[\"Ene\",\"Feb\",\"Mar\",\"Abr\",\"Mayo\",\"Jun\",\"Jul\",\"Ago\",\"Sep\",\"Oct\",\"Nov\",\"Dic\"],\"weekdays\":[\"Domingo\",\"Lunes\",\"Martes\",\"Mi\\u00e9rcoles\",\"Jueves\",\"Viernes\",\"S\\u00e1bado\"],\"weekdaysShort\":[\"Dom\",\"Lun\",\"Mar\",\"Mi\\u00e9\",\"Jue\",\"Vie\",\"S\\u00e1b\"],\"weekdaysMin\":[\"Do\",\"Lu\",\"Ma\",\"Mi\",\"Ju\",\"Vi\",\"S\\u00e1\"],\"recaptchaConsentMissing\":\"reCaptcha validation couldn&#039;t load.\",\"recaptchaMissingCookie\":\"reCaptcha v3 validation couldn&#039;t load the cookie needed to submit the form.\",\"recaptchaConsentEvent\":\"Accept reCaptcha cookies before sending the form.\",\"currency_symbol\":\"\",\"beforeForm\":\"\",\"beforeFields\":\"\",\"afterFields\":\"\",\"afterForm\":\"\"};form.fields=[{\"objectType\":\"Field\",\"objectDomain\":\"fields\",\"editActive\":false,\"order\":1,\"idAttribute\":\"id\",\"type\":\"textbox\",\"label\":\"\",\"key\":\"nom_1702378300110\",\"label_pos\":\"hidden\",\"required\":1,\"default\":\"\",\"placeholder\":\"Nom*\",\"container_class\":\"\",\"element_class\":\"\",\"input_limit\":\"\",\"input_limit_type\":\"characters\",\"input_limit_msg\":\"Character(s) left\",\"manual_key\":false,\"admin_label\":\"\",\"help_text\":\"\",\"mask\":\"\",\"custom_mask\":\"\",\"custom_name_attribute\":\"\",\"personally_identifiable\":\"\",\"value\":\"\",\"drawerDisabled\":false,\"id\":17,\"beforeField\":\"\",\"afterField\":\"\",\"parentType\":\"textbox\",\"element_templates\":[\"textbox\",\"input\"],\"old_classname\":\"\",\"wrap_template\":\"wrap\"},{\"objectType\":\"Field\",\"objectDomain\":\"fields\",\"editActive\":false,\"order\":2,\"idAttribute\":\"id\",\"type\":\"textbox\",\"label\":\"\",\"key\":\"e-mail_1702378328439\",\"label_pos\":\"hidden\",\"required\":1,\"default\":\"\",\"placeholder\":\"E-Mail*\",\"container_class\":\"\",\"element_class\":\"\",\"input_limit\":\"\",\"input_limit_type\":\"characters\",\"input_limit_msg\":\"Character(s) left\",\"manual_key\":false,\"admin_label\":\"\",\"help_text\":\"\",\"mask\":\"\",\"custom_mask\":\"\",\"custom_name_attribute\":\"\",\"personally_identifiable\":\"\",\"value\":\"\",\"drawerDisabled\":false,\"id\":18,\"beforeField\":\"\",\"afterField\":\"\",\"parentType\":\"textbox\",\"element_templates\":[\"textbox\",\"input\"],\"old_classname\":\"\",\"wrap_template\":\"wrap\"},{\"objectType\":\"Field\",\"objectDomain\":\"fields\",\"editActive\":false,\"order\":3,\"idAttribute\":\"id\",\"type\":\"textbox\",\"label\":\"\",\"key\":\"telefon_1702378379615\",\"label_pos\":\"hidden\",\"required\":1,\"default\":\"\",\"placeholder\":\"Tel\\u00e8fon*\",\"container_class\":\"\",\"element_class\":\"\",\"input_limit\":\"\",\"input_limit_type\":\"characters\",\"input_limit_msg\":\"Character(s) left\",\"manual_key\":false,\"admin_label\":\"\",\"help_text\":\"\",\"mask\":\"\",\"custom_mask\":\"\",\"custom_name_attribute\":\"\",\"personally_identifiable\":\"\",\"value\":\"\",\"drawerDisabled\":false,\"id\":19,\"beforeField\":\"\",\"afterField\":\"\",\"parentType\":\"textbox\",\"element_templates\":[\"textbox\",\"input\"],\"old_classname\":\"\",\"wrap_template\":\"wrap\"},{\"objectType\":\"Field\",\"objectDomain\":\"fields\",\"editActive\":false,\"order\":4,\"idAttribute\":\"id\",\"label\":\"Adjunta el teu CV\",\"type\":\"file_upload\",\"key\":\"adjunta_el_teu_cv_1702378411480\",\"label_pos\":\"hidden\",\"required\":1,\"container_class\":\"\",\"element_class\":\"\",\"manual_key\":false,\"help_text\":\"<p><br><\\\/p>\",\"save_to_server\":1,\"upload_rename\":\"\",\"media_library\":\"false\",\"upload_multi_count\":1,\"upload_types\":\"\",\"max_file_size\":0,\"min_file_size\":0,\"select_files_text\":\"C\\u00e0rrega el teu CV\",\"cancel_upload_text\":\"Cancel \\u00b7 lar\",\"drawerDisabled\":false,\"desc_text\":\"<p><br><\\\/p>\",\"id\":6,\"beforeField\":\"\",\"afterField\":\"\",\"value\":\"\",\"parentType\":\"textbox\",\"element_templates\":[\"file_upload\",\"input\"],\"old_classname\":\"\",\"wrap_template\":\"wrap\",\"max_chunk_size\":120795955,\"max_file_size_mb\":\"\",\"min_file_size_mb\":0,\"uploadNonce\":\"dfb97e7861\",\"uploadNonceExpiry\":1776772875},{\"objectType\":\"Field\",\"objectDomain\":\"fields\",\"editActive\":false,\"order\":5,\"idAttribute\":\"id\",\"type\":\"textarea\",\"label\":\"\",\"key\":\"observacions_1702379212461\",\"label_pos\":\"hidden\",\"required\":false,\"default\":\"\",\"placeholder\":\"Missatge\",\"container_class\":\"\",\"element_class\":\"\",\"input_limit\":\"\",\"input_limit_type\":\"characters\",\"input_limit_msg\":\"Character(s) left\",\"manual_key\":false,\"admin_label\":\"\",\"help_text\":\"\",\"textarea_rte\":\"\",\"disable_rte_mobile\":\"\",\"textarea_media\":\"\",\"value\":\"\",\"drawerDisabled\":false,\"id\":21,\"beforeField\":\"\",\"afterField\":\"\",\"parentType\":\"textarea\",\"element_templates\":[\"textarea\",\"input\"],\"old_classname\":\"\",\"wrap_template\":\"wrap\"},{\"objectType\":\"Field\",\"objectDomain\":\"fields\",\"editActive\":false,\"order\":6,\"idAttribute\":\"id\",\"label\":\"Enviar\",\"key\":\"enviar_1702379416859\",\"type\":\"submit\",\"created_at\":\"2023-12-12 10:09:54\",\"processing_label\":\"Tramitaci\\u00f3\",\"container_class\":\"\",\"element_class\":\"\",\"wrap_styles_background-color\":\"\",\"wrap_styles_border\":\"\",\"wrap_styles_border-style\":\"\",\"wrap_styles_border-color\":\"\",\"wrap_styles_color\":\"\",\"wrap_styles_height\":\"\",\"wrap_styles_width\":\"\",\"wrap_styles_font-size\":\"\",\"wrap_styles_margin\":\"\",\"wrap_styles_padding\":\"\",\"wrap_styles_display\":\"\",\"wrap_styles_float\":\"\",\"wrap_styles_show_advanced_css\":0,\"wrap_styles_advanced\":\"\",\"label_styles_background-color\":\"\",\"label_styles_border\":\"\",\"label_styles_border-style\":\"\",\"label_styles_border-color\":\"\",\"label_styles_color\":\"\",\"label_styles_height\":\"\",\"label_styles_width\":\"\",\"label_styles_font-size\":\"\",\"label_styles_margin\":\"\",\"label_styles_padding\":\"\",\"label_styles_display\":\"\",\"label_styles_float\":\"\",\"label_styles_show_advanced_css\":0,\"label_styles_advanced\":\"\",\"element_styles_background-color\":\"\",\"element_styles_border\":\"\",\"element_styles_border-style\":\"\",\"element_styles_border-color\":\"\",\"element_styles_color\":\"\",\"element_styles_height\":\"\",\"element_styles_width\":\"\",\"element_styles_font-size\":\"\",\"element_styles_margin\":\"\",\"element_styles_padding\":\"\",\"element_styles_display\":\"\",\"element_styles_float\":\"\",\"element_styles_show_advanced_css\":0,\"element_styles_advanced\":\"\",\"submit_element_hover_styles_background-color\":\"\",\"submit_element_hover_styles_border\":\"\",\"submit_element_hover_styles_border-style\":\"\",\"submit_element_hover_styles_border-color\":\"\",\"submit_element_hover_styles_color\":\"\",\"submit_element_hover_styles_height\":\"\",\"submit_element_hover_styles_width\":\"\",\"submit_element_hover_styles_font-size\":\"\",\"submit_element_hover_styles_margin\":\"\",\"submit_element_hover_styles_padding\":\"\",\"submit_element_hover_styles_display\":\"\",\"submit_element_hover_styles_float\":\"\",\"submit_element_hover_styles_show_advanced_css\":0,\"submit_element_hover_styles_advanced\":\"\",\"cellcid\":\"c3287\",\"drawerDisabled\":false,\"id\":4,\"beforeField\":\"\",\"afterField\":\"\",\"value\":\"\",\"label_pos\":\"hidden\",\"parentType\":\"textbox\",\"element_templates\":[\"submit\",\"button\",\"input\"],\"old_classname\":\"\",\"wrap_template\":\"wrap-no-label\"}];nfForms.push(form);<\/script>\n        \n<\/div><\/section><\/p><\/div>\n","protected":false},"excerpt":{"rendered":"","protected":false},"author":3,"featured_media":0,"parent":2088,"menu_order":0,"comment_status":"closed","ping_status":"closed","template":"","meta":{"footnotes":""},"class_list":["post-2151","page","type-page","status-publish","hentry"],"yoast_head":"<!-- This site is optimized with the Yoast SEO Premium plugin v25.2 (Yoast SEO v27.3) - https:\/\/yoast.com\/product\/yoast-seo-premium-wordpress\/ -->\n<title>Trabaja con nosotros en Global Prats<\/title>\n<meta name=\"description\" content=\"\u00danete al equipo de nuestra academia de idiomas en Prats de Llu\u00e7an\u00e8s. Ofrecemos oportunidades para profesores de ingl\u00e9s y otros idiomas.\" \/>\n<meta name=\"robots\" content=\"index, follow, max-snippet:-1, max-image-preview:large, max-video-preview:-1\" \/>\n<link rel=\"canonical\" href=\"https:\/\/globalprats.cat\/es\/contacto\/trabaja-con-nosotros\/\" \/>\n<meta property=\"og:locale\" content=\"es_ES\" \/>\n<meta property=\"og:type\" content=\"article\" \/>\n<meta property=\"og:title\" content=\"Trabaja con nosotros\" \/>\n<meta property=\"og:description\" content=\"\u00danete al equipo de nuestra academia de idiomas en Prats de Llu\u00e7an\u00e8s. Ofrecemos oportunidades para profesores de ingl\u00e9s y otros idiomas.\" \/>\n<meta property=\"og:url\" content=\"https:\/\/globalprats.cat\/es\/contacto\/trabaja-con-nosotros\/\" \/>\n<meta property=\"og:site_name\" content=\"Global English\" \/>\n<meta property=\"article:modified_time\" content=\"2024-03-13T10:29:01+00:00\" \/>\n<meta name=\"twitter:card\" content=\"summary_large_image\" \/>\n<meta name=\"twitter:label1\" content=\"Tiempo de lectura\" \/>\n\t<meta name=\"twitter:data1\" content=\"1 minuto\" \/>\n<script type=\"application\/ld+json\" class=\"yoast-schema-graph\">{\"@context\":\"https:\\\/\\\/schema.org\",\"@graph\":[{\"@type\":\"WebPage\",\"@id\":\"https:\\\/\\\/globalprats.cat\\\/es\\\/contacto\\\/trabaja-con-nosotros\\\/\",\"url\":\"https:\\\/\\\/globalprats.cat\\\/es\\\/contacto\\\/trabaja-con-nosotros\\\/\",\"name\":\"Trabaja con nosotros en Global Prats\",\"isPartOf\":{\"@id\":\"https:\\\/\\\/globalprats.cat\\\/#website\"},\"datePublished\":\"2024-01-23T09:16:06+00:00\",\"dateModified\":\"2024-03-13T10:29:01+00:00\",\"description\":\"\u00danete al equipo de nuestra academia de idiomas en Prats de Llu\u00e7an\u00e8s. Ofrecemos oportunidades para profesores de ingl\u00e9s y otros idiomas.\",\"breadcrumb\":{\"@id\":\"https:\\\/\\\/globalprats.cat\\\/es\\\/contacto\\\/trabaja-con-nosotros\\\/#breadcrumb\"},\"inLanguage\":\"es\",\"potentialAction\":[{\"@type\":\"ReadAction\",\"target\":[\"https:\\\/\\\/globalprats.cat\\\/es\\\/contacto\\\/trabaja-con-nosotros\\\/\"]}]},{\"@type\":\"BreadcrumbList\",\"@id\":\"https:\\\/\\\/globalprats.cat\\\/es\\\/contacto\\\/trabaja-con-nosotros\\\/#breadcrumb\",\"itemListElement\":[{\"@type\":\"ListItem\",\"position\":1,\"name\":\"Inici\",\"item\":\"https:\\\/\\\/globalprats.cat\\\/es\\\/inicio\\\/\"},{\"@type\":\"ListItem\",\"position\":2,\"name\":\"Contacto\",\"item\":\"https:\\\/\\\/globalprats.cat\\\/es\\\/contacto\\\/\"},{\"@type\":\"ListItem\",\"position\":3,\"name\":\"Trabaja con nosotros\"}]},{\"@type\":\"WebSite\",\"@id\":\"https:\\\/\\\/globalprats.cat\\\/#website\",\"url\":\"https:\\\/\\\/globalprats.cat\\\/\",\"name\":\"Global English\",\"description\":\"Welcome to Global English, l&#039;acad\u00e8mia d&#039;angl\u00e8s a Prats de Llu\u00e7an\u00e8s\",\"potentialAction\":[{\"@type\":\"SearchAction\",\"target\":{\"@type\":\"EntryPoint\",\"urlTemplate\":\"https:\\\/\\\/globalprats.cat\\\/?s={search_term_string}\"},\"query-input\":{\"@type\":\"PropertyValueSpecification\",\"valueRequired\":true,\"valueName\":\"search_term_string\"}}],\"inLanguage\":\"es\"}]}<\/script>\n<!-- \/ Yoast SEO Premium plugin. -->","yoast_head_json":{"title":"Trabaja con nosotros en Global Prats","description":"\u00danete al equipo de nuestra academia de idiomas en Prats de Llu\u00e7an\u00e8s. Ofrecemos oportunidades para profesores de ingl\u00e9s y otros idiomas.","robots":{"index":"index","follow":"follow","max-snippet":"max-snippet:-1","max-image-preview":"max-image-preview:large","max-video-preview":"max-video-preview:-1"},"canonical":"https:\/\/globalprats.cat\/es\/contacto\/trabaja-con-nosotros\/","og_locale":"es_ES","og_type":"article","og_title":"Trabaja con nosotros","og_description":"\u00danete al equipo de nuestra academia de idiomas en Prats de Llu\u00e7an\u00e8s. Ofrecemos oportunidades para profesores de ingl\u00e9s y otros idiomas.","og_url":"https:\/\/globalprats.cat\/es\/contacto\/trabaja-con-nosotros\/","og_site_name":"Global English","article_modified_time":"2024-03-13T10:29:01+00:00","twitter_card":"summary_large_image","twitter_misc":{"Tiempo de lectura":"1 minuto"},"schema":{"@context":"https:\/\/schema.org","@graph":[{"@type":"WebPage","@id":"https:\/\/globalprats.cat\/es\/contacto\/trabaja-con-nosotros\/","url":"https:\/\/globalprats.cat\/es\/contacto\/trabaja-con-nosotros\/","name":"Trabaja con nosotros en Global Prats","isPartOf":{"@id":"https:\/\/globalprats.cat\/#website"},"datePublished":"2024-01-23T09:16:06+00:00","dateModified":"2024-03-13T10:29:01+00:00","description":"\u00danete al equipo de nuestra academia de idiomas en Prats de Llu\u00e7an\u00e8s. Ofrecemos oportunidades para profesores de ingl\u00e9s y otros idiomas.","breadcrumb":{"@id":"https:\/\/globalprats.cat\/es\/contacto\/trabaja-con-nosotros\/#breadcrumb"},"inLanguage":"es","potentialAction":[{"@type":"ReadAction","target":["https:\/\/globalprats.cat\/es\/contacto\/trabaja-con-nosotros\/"]}]},{"@type":"BreadcrumbList","@id":"https:\/\/globalprats.cat\/es\/contacto\/trabaja-con-nosotros\/#breadcrumb","itemListElement":[{"@type":"ListItem","position":1,"name":"Inici","item":"https:\/\/globalprats.cat\/es\/inicio\/"},{"@type":"ListItem","position":2,"name":"Contacto","item":"https:\/\/globalprats.cat\/es\/contacto\/"},{"@type":"ListItem","position":3,"name":"Trabaja con nosotros"}]},{"@type":"WebSite","@id":"https:\/\/globalprats.cat\/#website","url":"https:\/\/globalprats.cat\/","name":"Global English","description":"Welcome to Global English, l&#039;acad\u00e8mia d&#039;angl\u00e8s a Prats de Llu\u00e7an\u00e8s","potentialAction":[{"@type":"SearchAction","target":{"@type":"EntryPoint","urlTemplate":"https:\/\/globalprats.cat\/?s={search_term_string}"},"query-input":{"@type":"PropertyValueSpecification","valueRequired":true,"valueName":"search_term_string"}}],"inLanguage":"es"}]}},"_links":{"self":[{"href":"https:\/\/globalprats.cat\/es\/wp-json\/wp\/v2\/pages\/2151","targetHints":{"allow":["GET"]}}],"collection":[{"href":"https:\/\/globalprats.cat\/es\/wp-json\/wp\/v2\/pages"}],"about":[{"href":"https:\/\/globalprats.cat\/es\/wp-json\/wp\/v2\/types\/page"}],"author":[{"embeddable":true,"href":"https:\/\/globalprats.cat\/es\/wp-json\/wp\/v2\/users\/3"}],"replies":[{"embeddable":true,"href":"https:\/\/globalprats.cat\/es\/wp-json\/wp\/v2\/comments?post=2151"}],"version-history":[{"count":4,"href":"https:\/\/globalprats.cat\/es\/wp-json\/wp\/v2\/pages\/2151\/revisions"}],"predecessor-version":[{"id":2413,"href":"https:\/\/globalprats.cat\/es\/wp-json\/wp\/v2\/pages\/2151\/revisions\/2413"}],"up":[{"embeddable":true,"href":"https:\/\/globalprats.cat\/es\/wp-json\/wp\/v2\/pages\/2088"}],"wp:attachment":[{"href":"https:\/\/globalprats.cat\/es\/wp-json\/wp\/v2\/media?parent=2151"}],"curies":[{"name":"wp","href":"https:\/\/api.w.org\/{rel}","templated":true}]}}