{"id":2155,"date":"2023-05-18T20:27:08","date_gmt":"2023-05-18T20:27:08","guid":{"rendered":"https:\/\/globalprats.cat\/declaracio-daccessibilitat\/"},"modified":"2024-08-28T16:08:00","modified_gmt":"2024-08-28T14:08:00","slug":"declaracion-de-accessibilidad","status":"publish","type":"page","link":"https:\/\/globalprats.cat\/es\/declaracion-de-accessibilidad\/","title":{"rendered":"Declaraci\u00f3n de accesibilidad"},"content":{"rendered":"<div  class='flex_column av-105su-b37ba425f3d81987c5209e7f7fffb8f7 av_one_full  avia-builder-el-0  avia-builder-el-no-sibling  first flex_column_div  '     ><p>\n<style type=\"text\/css\" data-created_by=\"avia_inline_auto\" id=\"style-css-av-lrq6lzg0-46b0dce12533ebf58474bc3861a02332\">\n#top .av-special-heading.av-lrq6lzg0-46b0dce12533ebf58474bc3861a02332{\npadding-bottom:10px;\n}\nbody .av-special-heading.av-lrq6lzg0-46b0dce12533ebf58474bc3861a02332 .av-special-heading-tag .heading-char{\nfont-size:25px;\n}\n.av-special-heading.av-lrq6lzg0-46b0dce12533ebf58474bc3861a02332 .av-subheading{\nfont-size:15px;\n}\n<\/style>\n<div  class='av-special-heading av-lrq6lzg0-46b0dce12533ebf58474bc3861a02332 av-special-heading-h1 blockquote modern-quote  avia-builder-el-1  el_before_av_textblock  avia-builder-el-first '><h1 class='av-special-heading-tag '  itemprop=\"headline\"  >Declaraci\u00f3n de accesibilidad<\/h1><div class=\"special-heading-border\"><div class=\"special-heading-inner-border\"><\/div><\/div><\/div><br \/>\n<section  class='av_textblock_section av-lhtl1wru-9febd0037279fae4a2d0208f97eda571 '   itemscope=\"itemscope\" itemtype=\"https:\/\/schema.org\/CreativeWork\" ><div class='avia_textblock'  itemprop=\"text\" ><p>L\u00eddia Escrigas Puig se compromete en hacer accesible su sitio web de conformidad con el\u00a0 <a href=\"https:\/\/www.boe.es\/eli\/es\/rd\/2018\/09\/07\/1112\">Real Decreto 1112\/2018<\/a>, de 7 de septiembre, sobre accesibilidad de los sitios web y aplicaciones para dispositivos m\u00f3viles del sector p\u00fablico.<\/p>\n<p>La presente declaraci\u00f3n de accesibilidad se aplica al presente sitio web.<\/p>\n<h2>Situaci\u00f3n de cumplimiento<\/h2>\n<p>Este sitio web es plenamente conforme con el RD 1112\/2018.<\/p>\n<h2>Contenido no accesible<\/h2>\n<p>El contenido que se recoge a continuaci\u00f3n no es accesible por lo siguiente:<\/p>\n<p><strong>Falta de conformidad con el RD 1112\/2018<\/strong><\/p>\n<p>Se puede encontrar a\u00fan anidamientos incorrectos de etiquetas.<\/p>\n<p>Podr\u00edan existir fallos puntuales de edici\u00f3n en la p\u00e1gina web.<\/p>\n<p><strong>Carga desproporcionada<\/strong><\/p>\n<p>No aplica.<\/p>\n<h2>Preparaci\u00f3n de la presente declaraci\u00f3n de accesibilidad<\/h2>\n<p>La presente declaraci\u00f3n fue preparada el 05 de Mayo de 2023.<\/p>\n<p>El m\u00e9todo empleado para preparar la declaraci\u00f3n ha sido una autoevaluaci\u00f3n llevada a cabo por la propia empresa.<\/p>\n<h2>Observaciones y datos de contacto<\/h2>\n<p>Puede realizar comunicaciones sobre requisitos de accesibilidad (art\u00edculo 10.2.a) del RD 1112\/2018) como por ejemplo:<\/p>\n<ul>\n<li>Informar sobre cualquier posible incumplimiento por parte de este sitio web.<\/li>\n<li>Transmitir otras dificultades de acceso al contenido.<\/li>\n<li>Formular cualquier otra consulta o sugerencia de mejora relativa a la accesibilidad del sitio web.<\/li>\n<\/ul>\n<p>A trav\u00e9s de nuestro formulario de contacto, por tel\u00e9fono o de manera presencial en nuestra sede.<\/p>\n<p>Las comunicaciones, quejas y solicitudes de informaci\u00f3n accesible ser\u00e1n recibidas y tratadas por nuestro equipo.<\/p>\n<\/div><\/section><\/p><\/div>\n","protected":false},"excerpt":{"rendered":"","protected":false},"author":3,"featured_media":0,"parent":0,"menu_order":0,"comment_status":"closed","ping_status":"closed","template":"","meta":{"footnotes":""},"class_list":["post-2155","page","type-page","status-publish","hentry"],"yoast_head":"<!-- This site is optimized with the Yoast SEO Premium plugin v25.2 (Yoast SEO v27.3) - https:\/\/yoast.com\/product\/yoast-seo-premium-wordpress\/ -->\n<title>Declaraci\u00f3n de accesibilidad de Global Prats<\/title>\n<meta name=\"description\" content=\"Consulta nuestra declaraci\u00f3n de accesibilidad para asegurar que nuestra p\u00e1gina web sea inclusiva y accesible para todos los usuarios.\" \/>\n<meta name=\"robots\" content=\"index, follow, max-snippet:-1, max-image-preview:large, max-video-preview:-1\" \/>\n<link rel=\"canonical\" href=\"https:\/\/globalprats.cat\/es\/declaracion-de-accessibilidad\/\" \/>\n<meta property=\"og:locale\" content=\"es_ES\" \/>\n<meta property=\"og:type\" content=\"article\" \/>\n<meta property=\"og:title\" content=\"Declaraci\u00f3n de accesibilidad\" \/>\n<meta property=\"og:description\" content=\"Consulta nuestra declaraci\u00f3n de accesibilidad para asegurar que nuestra p\u00e1gina web sea inclusiva y accesible para todos los usuarios.\" \/>\n<meta property=\"og:url\" content=\"https:\/\/globalprats.cat\/es\/declaracion-de-accessibilidad\/\" \/>\n<meta property=\"og:site_name\" content=\"Global English\" \/>\n<meta property=\"article:modified_time\" content=\"2024-08-28T14:08:00+00:00\" \/>\n<meta name=\"twitter:card\" content=\"summary_large_image\" \/>\n<meta name=\"twitter:label1\" content=\"Tiempo de lectura\" \/>\n\t<meta name=\"twitter:data1\" content=\"2 minutos\" \/>\n<script type=\"application\/ld+json\" class=\"yoast-schema-graph\">{\"@context\":\"https:\\\/\\\/schema.org\",\"@graph\":[{\"@type\":\"WebPage\",\"@id\":\"https:\\\/\\\/globalprats.cat\\\/es\\\/declaracion-de-accessibilidad\\\/\",\"url\":\"https:\\\/\\\/globalprats.cat\\\/es\\\/declaracion-de-accessibilidad\\\/\",\"name\":\"Declaraci\u00f3n de accesibilidad de Global Prats\",\"isPartOf\":{\"@id\":\"https:\\\/\\\/globalprats.cat\\\/#website\"},\"datePublished\":\"2023-05-18T20:27:08+00:00\",\"dateModified\":\"2024-08-28T14:08:00+00:00\",\"description\":\"Consulta nuestra declaraci\u00f3n de accesibilidad para asegurar que nuestra p\u00e1gina web sea inclusiva y accesible para todos los usuarios.\",\"breadcrumb\":{\"@id\":\"https:\\\/\\\/globalprats.cat\\\/es\\\/declaracion-de-accessibilidad\\\/#breadcrumb\"},\"inLanguage\":\"es\",\"potentialAction\":[{\"@type\":\"ReadAction\",\"target\":[\"https:\\\/\\\/globalprats.cat\\\/es\\\/declaracion-de-accessibilidad\\\/\"]}]},{\"@type\":\"BreadcrumbList\",\"@id\":\"https:\\\/\\\/globalprats.cat\\\/es\\\/declaracion-de-accessibilidad\\\/#breadcrumb\",\"itemListElement\":[{\"@type\":\"ListItem\",\"position\":1,\"name\":\"Inici\",\"item\":\"https:\\\/\\\/globalprats.cat\\\/es\\\/inicio\\\/\"},{\"@type\":\"ListItem\",\"position\":2,\"name\":\"Declaraci\u00f3n de accesibilidad\"}]},{\"@type\":\"WebSite\",\"@id\":\"https:\\\/\\\/globalprats.cat\\\/#website\",\"url\":\"https:\\\/\\\/globalprats.cat\\\/\",\"name\":\"Global English\",\"description\":\"Welcome to Global English, l&#039;acad\u00e8mia d&#039;angl\u00e8s a Prats de Llu\u00e7an\u00e8s\",\"potentialAction\":[{\"@type\":\"SearchAction\",\"target\":{\"@type\":\"EntryPoint\",\"urlTemplate\":\"https:\\\/\\\/globalprats.cat\\\/?s={search_term_string}\"},\"query-input\":{\"@type\":\"PropertyValueSpecification\",\"valueRequired\":true,\"valueName\":\"search_term_string\"}}],\"inLanguage\":\"es\"}]}<\/script>\n<!-- \/ Yoast SEO Premium plugin. -->","yoast_head_json":{"title":"Declaraci\u00f3n de accesibilidad de Global Prats","description":"Consulta nuestra declaraci\u00f3n de accesibilidad para asegurar que nuestra p\u00e1gina web sea inclusiva y accesible para todos los usuarios.","robots":{"index":"index","follow":"follow","max-snippet":"max-snippet:-1","max-image-preview":"max-image-preview:large","max-video-preview":"max-video-preview:-1"},"canonical":"https:\/\/globalprats.cat\/es\/declaracion-de-accessibilidad\/","og_locale":"es_ES","og_type":"article","og_title":"Declaraci\u00f3n de accesibilidad","og_description":"Consulta nuestra declaraci\u00f3n de accesibilidad para asegurar que nuestra p\u00e1gina web sea inclusiva y accesible para todos los usuarios.","og_url":"https:\/\/globalprats.cat\/es\/declaracion-de-accessibilidad\/","og_site_name":"Global English","article_modified_time":"2024-08-28T14:08:00+00:00","twitter_card":"summary_large_image","twitter_misc":{"Tiempo de lectura":"2 minutos"},"schema":{"@context":"https:\/\/schema.org","@graph":[{"@type":"WebPage","@id":"https:\/\/globalprats.cat\/es\/declaracion-de-accessibilidad\/","url":"https:\/\/globalprats.cat\/es\/declaracion-de-accessibilidad\/","name":"Declaraci\u00f3n de accesibilidad de Global Prats","isPartOf":{"@id":"https:\/\/globalprats.cat\/#website"},"datePublished":"2023-05-18T20:27:08+00:00","dateModified":"2024-08-28T14:08:00+00:00","description":"Consulta nuestra declaraci\u00f3n de accesibilidad para asegurar que nuestra p\u00e1gina web sea inclusiva y accesible para todos los usuarios.","breadcrumb":{"@id":"https:\/\/globalprats.cat\/es\/declaracion-de-accessibilidad\/#breadcrumb"},"inLanguage":"es","potentialAction":[{"@type":"ReadAction","target":["https:\/\/globalprats.cat\/es\/declaracion-de-accessibilidad\/"]}]},{"@type":"BreadcrumbList","@id":"https:\/\/globalprats.cat\/es\/declaracion-de-accessibilidad\/#breadcrumb","itemListElement":[{"@type":"ListItem","position":1,"name":"Inici","item":"https:\/\/globalprats.cat\/es\/inicio\/"},{"@type":"ListItem","position":2,"name":"Declaraci\u00f3n de accesibilidad"}]},{"@type":"WebSite","@id":"https:\/\/globalprats.cat\/#website","url":"https:\/\/globalprats.cat\/","name":"Global English","description":"Welcome to Global English, l&#039;acad\u00e8mia d&#039;angl\u00e8s a Prats de Llu\u00e7an\u00e8s","potentialAction":[{"@type":"SearchAction","target":{"@type":"EntryPoint","urlTemplate":"https:\/\/globalprats.cat\/?s={search_term_string}"},"query-input":{"@type":"PropertyValueSpecification","valueRequired":true,"valueName":"search_term_string"}}],"inLanguage":"es"}]}},"_links":{"self":[{"href":"https:\/\/globalprats.cat\/es\/wp-json\/wp\/v2\/pages\/2155","targetHints":{"allow":["GET"]}}],"collection":[{"href":"https:\/\/globalprats.cat\/es\/wp-json\/wp\/v2\/pages"}],"about":[{"href":"https:\/\/globalprats.cat\/es\/wp-json\/wp\/v2\/types\/page"}],"author":[{"embeddable":true,"href":"https:\/\/globalprats.cat\/es\/wp-json\/wp\/v2\/users\/3"}],"replies":[{"embeddable":true,"href":"https:\/\/globalprats.cat\/es\/wp-json\/wp\/v2\/comments?post=2155"}],"version-history":[{"count":4,"href":"https:\/\/globalprats.cat\/es\/wp-json\/wp\/v2\/pages\/2155\/revisions"}],"predecessor-version":[{"id":2790,"href":"https:\/\/globalprats.cat\/es\/wp-json\/wp\/v2\/pages\/2155\/revisions\/2790"}],"wp:attachment":[{"href":"https:\/\/globalprats.cat\/es\/wp-json\/wp\/v2\/media?parent=2155"}],"curies":[{"name":"wp","href":"https:\/\/api.w.org\/{rel}","templated":true}]}}